{"id":1302,"date":"2025-09-26T20:10:53","date_gmt":"2025-09-26T20:10:53","guid":{"rendered":"https:\/\/noeliaantolin.com\/?page_id=1302"},"modified":"2025-09-26T20:10:53","modified_gmt":"2025-09-26T20:10:53","slug":"envios-y-devoluciones","status":"publish","type":"page","link":"https:\/\/noeliaantolin.com\/en\/envios-y-devoluciones\/","title":{"rendered":"Env\u00edos y Devoluciones"},"content":{"rendered":"<h3 class=\"wp-block-heading\">Envios<\/h3>\n\n\n\n<p><strong>Env\u00edo Gratuito<\/strong><\/p>\n\n\n\n<p>Los env\u00edos gestionados a trav\u00e9s de esta tienda Online se realizar\u00e1n a trav\u00e9s de <strong>Correos<\/strong>. Ofrezco env\u00edo gratuito en todos los productos y a cualquier parte del mundo, siempre certificando el paquete.<\/p>\n\n\n\n<p>Los impuestos de aduana ser\u00e1n cubiertos por el cliente.<\/p>\n\n\n\n<p><strong>Tiempo de Preparaci\u00f3n del Env\u00edo<\/strong><\/p>\n\n\n\n<ul class=\"wp-block-list\">\n<li><strong>Cuadros ya realizados: <\/strong>Tiempo de preparaci\u00f3n del paquete entre 1 y 3 d\u00edas h\u00e1biles (no festivos).<\/li>\n\n\n\n<li><strong>Cuadros por encargo:<\/strong> Tiempo de realizaci\u00f3n de 7 a 14 d\u00edas debido al tiempo de secado del \u00f3leo. Todas mis obras se env\u00edan perfectamente barnizadas.<\/li>\n<\/ul>\n\n\n\n<p><strong>Tiempo de Env\u00edo<\/strong><\/p>\n\n\n\n<ul class=\"wp-block-list\">\n<li><strong>Espa\u00f1a:<\/strong> Una vez enviado la entrega ser\u00e1 de 24 a 72 horas.<\/li>\n\n\n\n<li><strong>Canarias, Ceuta y Melilla:<\/strong> La entrega puede tomar algunos d\u00edas m\u00e1s.<\/li>\n\n\n\n<li><strong>Env\u00edos Internacionales:<\/strong> El tiempo de entrega var\u00eda seg\u00fan el destino, generalmente entre 10 y 15 d\u00edas h\u00e1biles.<\/li>\n<\/ul>\n\n\n\n<h3 class=\"wp-block-heading\">Pol\u00edtica de Devoluciones<\/h3>\n\n\n\n<p>En nuestra tienda, ofrecemos dos tipos de productos: <strong>obras originales ya terminadas<\/strong> y <strong>obras personalizadas realizadas por encargo<\/strong>. Para las obras originales disponibles en nuestra galer\u00eda, tienes derecho a ejercer el <strong>derecho de desistimiento<\/strong> en un plazo de 14 d\u00edas naturales desde la recepci\u00f3n del producto, siempre que se encuentre en perfecto estado y se devuelva con su embalaje original. En estos casos, procederemos al reembolso completo, excluyendo los gastos de env\u00edo de la devoluci\u00f3n, que correr\u00e1n a cargo del cliente.<\/p>\n\n\n\n<p>Por otro lado, las <strong>obras personalizadas o hechas por encargo<\/strong> (como retratos u otros trabajos realizados seg\u00fan especificaciones del cliente) no son reembolsables, de acuerdo con la normativa europea, ya que se trata de bienes \u00fanicos dise\u00f1ados espec\u00edficamente para ti.<\/p>\n\n\n\n<p>El Cliente deber\u00e1 ponerse en contacto con el titular a trav\u00e9s del siguiente correo electr\u00f3nico <a target=\"_blank\" href=\"mailto:noeliaantolin@gmail.com\" rel=\"noreferrer noopener\">noeliaantolin@gmail.com<\/a>, informando del motivo de su devoluci\u00f3n.<\/p>\n\n\n\n<p>El titular reembolsar\u00e1 el importe correspondiente sin demoras indebidas incluyendo los gastos de env\u00edo est\u00e1ndar de la entrega inicial, por el mismo medio de pago con el que se abon\u00f3. No obstante, podr\u00e9 retener el reembolso hasta haber recibido los bienes.<\/p>\n\n\n\n<p>Derecho al desistimiento<\/p>\n\n\n\n<p>En el caso de las obras originales, el Cliente tiene derecho a desistir voluntariamente de su compra sin necesidad de justificaci\u00f3n en un plazo de 14 d\u00edas naturales desde la recepci\u00f3n del pedido.<\/p>\n\n\n\n<p>Para ejercer el derecho de desistimiento es necesario notificar la decisi\u00f3n de desistir del contrato al titular, a trav\u00e9s de una declaraci\u00f3n inequ\u00edvoca escribiendo un correo electr\u00f3nico a <a target=\"_blank\" href=\"mailto:noeliaantolin@gmail.com\" rel=\"noreferrer noopener\">noeliaantolin@gmail.com<\/a>.<\/p>\n\n\n\n<p>El cliente deber\u00e1 enviar por su propia cuenta los productos que quiera devolver a la direcci\u00f3n indicada anteriormente y correr con los gastos de env\u00edo, adjuntando el ticket de compra que recibi\u00f3 con la confirmaci\u00f3n de su pedido. En ning\u00fan caso se aceptar\u00e1n devoluciones a portes debidos.<\/p>\n\n\n\n<p>El titular reembolsar\u00e1 el importe correspondiente, incluyendo los gastos de env\u00edo est\u00e1ndar de la entrega inicial, por el mismo medio de pago con el que se abon\u00f3. No obstante, podr\u00e9 retener el reembolso hasta haber recibido los bienes.<\/p>\n\n\n\n<p>Tienes derecho a cancelar tu pedido dentro de los 30 d\u00edas sin necesidad de dar ninguna raz\u00f3n para hacerlo.<\/p>\n\n\n\n<p>El plazo para cancelar un pedido es de 30 d\u00edas a partir de la fecha en que recibiste los bienes o en la que un tercero designado por ti, que no sea el transportista, tome posesi\u00f3n de los productos entregados.<\/p>\n\n\n\n<p>Para ejercer tu derecho de cancelaci\u00f3n, debes informarme de tu decisi\u00f3n mediante una declaraci\u00f3n clara.<\/p>\n\n\n\n<p>Puedes informarme de tu decisi\u00f3n enviando un correo electr\u00f3nico a <strong><a href=\"mailto:noeliaantolin@gmail.com\" target=\"_blank\" rel=\"noreferrer noopener\">noeliaantolin@gmail.com<\/a><\/strong>.<\/p>\n\n\n\n<p>Te reembolsar\u00e9 a m\u00e1s tardar 30 d\u00edas desde el d\u00eda en que reciba los bienes devueltos. Utilizar\u00e9 el mismo medio de pago que empleaste para el pedido, y no incurrir\u00e1s en ning\u00fan gasto por el reembolso.<\/p>\n\n\n\n<h3 class=\"wp-block-heading\">Condiciones para devoluciones:<\/h3>\n\n\n\n<h3 class=\"wp-block-heading\">Para que los bienes sean elegibles para una devoluci\u00f3n, aseg\u00farate de que:<\/h3>\n\n\n\n<ul class=\"wp-block-list\">\n<li>Los bienes se compraron en los \u00faltimos 15 d\u00edas.<\/li>\n\n\n\n<li>Los bienes est\u00e1n en su embalaje original.<\/li>\n<\/ul>\n\n\n\n<h3 class=\"wp-block-heading\">No se pueden devolver los siguientes bienes:<\/h3>\n\n\n\n<ul class=\"wp-block-list\">\n<li>Productos fabricados seg\u00fan tus especificaciones o claramente personalizados.<\/li>\n\n\n\n<li>Bienes que, por su naturaleza, no sean aptos para devoluci\u00f3n, como productos que se deterioren r\u00e1pidamente o cuya fecha de caducidad haya expirado.<\/li>\n\n\n\n<li>Bienes que no sean aptos para devoluci\u00f3n por razones de protecci\u00f3n de la salud o higiene y que hayan sido desprecintados despu\u00e9s de la entrega.<\/li>\n\n\n\n<li>Bienes que, despu\u00e9s de la entrega, por su naturaleza, est\u00e9n inseparablemente mezclados con otros art\u00edculos.<\/li>\n<\/ul>\n\n\n\n<p>Me reservo el derecho de rechazar devoluciones de cualquier mercanc\u00eda que no cumpla con las condiciones anteriores a mi entera discreci\u00f3n.<\/p>\n\n\n\n<h3 class=\"wp-block-heading\">Devoluci\u00f3n de bienes:<\/h3>\n\n\n\n<p>Eres responsable del costo y riesgo de devolver los bienes. Debes enviar los productos a la siguiente direcci\u00f3n:<\/p>\n\n\n\n<p><strong>C\/ C\u00e1ndas, 11. 2\u00baB, Gij\u00f3n, Asturias (Espa\u00f1a)<\/strong><\/p>\n\n\n\n<p>No me hago responsable de bienes da\u00f1ados o perdidos en el env\u00edo de retorno. Por ello, recomiendo un servicio de correo asegurado y rastreable. No podr\u00e9 emitir un reembolso sin la recepci\u00f3n efectiva de los bienes o sin prueba de entrega de la devoluci\u00f3n.<\/p>\n\n\n\n<h3 class=\"wp-block-heading\">Regalos:<\/h3>\n\n\n\n<p>Si los bienes fueron marcados como regalo en el momento de la compra y enviados directamente a ti, recibir\u00e1s un cr\u00e9dito por el valor de tu devoluci\u00f3n. Una vez que el producto devuelto sea recibido, se te enviar\u00e1 un certificado de regalo por correo.<\/p>\n\n\n\n<p>Si los bienes no fueron marcados como regalo cuando se compraron, o si quien te hizo el regalo recibi\u00f3 el pedido para entreg\u00e1rtelo posteriormente, el reembolso se enviar\u00e1 al comprador original del regalo.<\/p>\n\n\n\n<h3 class=\"wp-block-heading\">Cont\u00e1ctame:<\/h3>\n\n\n\n<p>Si tienes alguna pregunta sobre mi pol\u00edtica de devoluciones y reembolsos, cont\u00e1ctame por correo electr\u00f3nico a <strong><a href=\"mailto:noeliaantolin@gmail.com\" target=\"_blank\" rel=\"noreferrer noopener\">noeliaantolin@gmail.com<\/a><\/strong>. <a href=\"mailto:noeliaantolin@gmail.com\" target=\"_blank\" rel=\"noreferrer noopener\">noeliaantolin@gmail.com<\/a><\/p>","protected":false},"excerpt":{"rendered":"<p>Envios Env\u00edo Gratuito Los env\u00edos gestionados a trav\u00e9s de esta tienda Online se realizar\u00e1n a trav\u00e9s de Correos. Ofrezco env\u00edo gratuito en todos los productos y a cualquier parte del mundo, siempre certificando el paquete. Los impuestos de aduana ser\u00e1n cubiertos por el cliente. Tiempo de Preparaci\u00f3n del Env\u00edo Tiempo de Env\u00edo Pol\u00edtica de Devoluciones [&hellip;]<\/p>","protected":false},"author":1,"featured_media":0,"parent":0,"menu_order":0,"comment_status":"closed","ping_status":"closed","template":"","meta":{"footnotes":""},"class_list":["post-1302","page","type-page","status-publish","hentry"],"blocksy_meta":[],"aioseo_notices":[],"_links":{"self":[{"href":"https:\/\/noeliaantolin.com\/en\/wp-json\/wp\/v2\/pages\/1302","targetHints":{"allow":["GET"]}}],"collection":[{"href":"https:\/\/noeliaantolin.com\/en\/wp-json\/wp\/v2\/pages"}],"about":[{"href":"https:\/\/noeliaantolin.com\/en\/wp-json\/wp\/v2\/types\/page"}],"author":[{"embeddable":true,"href":"https:\/\/noeliaantolin.com\/en\/wp-json\/wp\/v2\/users\/1"}],"replies":[{"embeddable":true,"href":"https:\/\/noeliaantolin.com\/en\/wp-json\/wp\/v2\/comments?post=1302"}],"version-history":[{"count":1,"href":"https:\/\/noeliaantolin.com\/en\/wp-json\/wp\/v2\/pages\/1302\/revisions"}],"predecessor-version":[{"id":1303,"href":"https:\/\/noeliaantolin.com\/en\/wp-json\/wp\/v2\/pages\/1302\/revisions\/1303"}],"wp:attachment":[{"href":"https:\/\/noeliaantolin.com\/en\/wp-json\/wp\/v2\/media?parent=1302"}],"curies":[{"name":"wp","href":"https:\/\/api.w.org\/{rel}","templated":true}]}}