{"id":1304,"date":"2025-09-26T20:24:13","date_gmt":"2025-09-26T20:24:13","guid":{"rendered":"https:\/\/noeliaantolin.com\/?page_id=1304"},"modified":"2025-09-26T20:41:55","modified_gmt":"2025-09-26T20:41:55","slug":"terminos-y-condiciones","status":"publish","type":"page","link":"https:\/\/noeliaantolin.com\/en\/terminos-y-condiciones\/","title":{"rendered":"T\u00e9rminos y Condiciones"},"content":{"rendered":"<p>\u00a1Bienvenida a noeliaantolin.com!<\/p>\n\n\n\n<p>Estos t\u00e9rminos y condiciones describen las reglas y normas para el uso del sitio web de Noelia Antol\u00edn, ubicado en <a href=\"https:\/\/noeliaantolin.com\/en\/\">https:\/\/noeliaantolin.com<\/a>.<\/p>\n\n\n\n<p>Al acceder a este sitio web, asumimos que aceptas estos t\u00e9rminos y condiciones. No contin\u00faes usando noeliaantolin.com si no est\u00e1s de acuerdo con todos los t\u00e9rminos y condiciones indicados en esta p\u00e1gina.<\/p>\n\n\n\n<p><strong>Cookies:<\/strong><br>El sitio web utiliza cookies para ayudarte a personalizar tu experiencia en l\u00ednea. Al acceder a noeliaantolin.com, aceptas el uso de las cookies necesarias.<\/p>\n\n\n\n<p>Una cookie es un archivo de texto que se coloca en tu disco duro por un servidor web. Las cookies no pueden usarse para ejecutar programas ni para entregar virus a tu computadora. Las cookies se asignan exclusivamente a ti y solo pueden ser le\u00eddas por un servidor web en el dominio que emiti\u00f3 la cookie.<\/p>\n\n\n\n<p>Podemos usar cookies para recopilar, almacenar y rastrear informaci\u00f3n con fines estad\u00edsticos o de marketing para operar nuestro sitio web. Tienes la capacidad de aceptar o rechazar cookies opcionales. Existen algunas cookies necesarias para el funcionamiento de nuestro sitio web. Estas cookies no requieren tu consentimiento ya que siempre funcionan. Ten en cuenta que al aceptar las cookies necesarias, tambi\u00e9n aceptas cookies de terceros, que podr\u00edan ser usadas a trav\u00e9s de servicios proporcionados por terceros si utilizas dichos servicios en nuestro sitio web, por ejemplo, una ventana de reproducci\u00f3n de videos proporcionada por terceros e integrada en nuestro sitio web.<\/p>\n\n\n\n<p><strong>Licencia:<\/strong><br>A menos que se indique lo contrario, Noelia Antol\u00edn y\/o sus licenciantes poseen los derechos de propiedad intelectual de todo el material en noeliaantolin.com. Todos los derechos de propiedad intelectual est\u00e1n reservados. Puedes acceder a este sitio para tu uso personal, sujeto a las restricciones establecidas en estos t\u00e9rminos y condiciones.<\/p>\n\n\n\n<p>No debes:<\/p>\n\n\n\n<ul class=\"wp-block-list\">\n<li>Copiar o republicar material de noeliaantolin.com<\/li>\n\n\n\n<li>Vender, alquilar o sublicenciar material de noeliaantolin.com<\/li>\n\n\n\n<li>Reproducir, duplicar o copiar material de noeliaantolin.com<\/li>\n\n\n\n<li>Redistribuir contenido de noeliaantolin.com<\/li>\n<\/ul>\n\n\n\n<p>Este acuerdo comenzar\u00e1 a partir de la fecha de aceptaci\u00f3n.<\/p>\n\n\n\n<p>Partes de este sitio web ofrecen a los usuarios la oportunidad de publicar e intercambiar opiniones e informaci\u00f3n en ciertas \u00e1reas del sitio web. Noelia Antol\u00edn no filtra, edita, publica ni revisa los comentarios antes de su aparici\u00f3n en el sitio web. Los comentarios no reflejan las opiniones de Noelia Antol\u00edn, sus agentes y\/o afiliados. Los comentarios reflejan las opiniones de la persona que los publica. En la medida permitida por la ley aplicable, Noelia Antol\u00edn no ser\u00e1 responsable de los comentarios ni de ninguna responsabilidad, da\u00f1o o gasto causado y\/o sufrido como resultado de cualquier uso, publicaci\u00f3n o aparici\u00f3n de los comentarios en este sitio web.<\/p>\n\n\n\n<p>Noelia Antol\u00edn se reserva el derecho de monitorear todos los comentarios y eliminar cualquier comentario que se considere inapropiado, ofensivo o que viole estos t\u00e9rminos y condiciones.<\/p>\n\n\n\n<p>Garantizas y declaras que:<\/p>\n\n\n\n<ul class=\"wp-block-list\">\n<li>Tienes derecho a publicar los comentarios en nuestro sitio web y cuentas con todas las licencias y consentimientos necesarios para hacerlo;<\/li>\n\n\n\n<li>Los comentarios no invaden ning\u00fan derecho de propiedad intelectual, incluyendo sin limitaci\u00f3n derechos de autor, patentes o marcas de terceros;<\/li>\n\n\n\n<li>Los comentarios no contienen material difamatorio, ofensivo, indecente o ilegal, ni invaden la privacidad;<\/li>\n\n\n\n<li>Los comentarios no se usar\u00e1n para solicitar o promover negocios, clientes, actividades comerciales o actividades ilegales.<\/li>\n<\/ul>\n\n\n\n<p>Por la presente, otorgas a Noelia Antol\u00edn una licencia no exclusiva para usar, reproducir, editar y autorizar a otros a usar, reproducir y editar cualquiera de tus comentarios en cualquier forma, formato o medio.<\/p>\n\n\n\n<p><strong>Hiperv\u00ednculos a nuestro contenido:<\/strong><br>Las siguientes organizaciones pueden enlazar a nuestro sitio web sin aprobaci\u00f3n previa por escrito:<\/p>\n\n\n\n<ul class=\"wp-block-list\">\n<li>Agencias gubernamentales<\/li>\n\n\n\n<li>Motores de b\u00fasqueda<\/li>\n\n\n\n<li>Organizaciones de noticias<\/li>\n\n\n\n<li>Distribuidores de directorios en l\u00ednea que enlacen a nuestro sitio como lo hacen con otros sitios de negocios listados<\/li>\n\n\n\n<li>Empresas acreditadas del sistema, excepto organizaciones sin fines de lucro de solicitud, centros comerciales de caridad y grupos de recaudaci\u00f3n de fondos ben\u00e9ficos, que no pueden enlazar a nuestro sitio web.<\/li>\n<\/ul>\n\n\n\n<p>Estas organizaciones pueden enlazar a nuestra p\u00e1gina de inicio, publicaciones u otra informaci\u00f3n del sitio mientras el enlace: (a) no sea enga\u00f1oso; (b) no implique falsamente patrocinio, respaldo o aprobaci\u00f3n; y (c) encaje en el contexto del sitio de la parte que enlaza.<\/p>\n\n\n\n<p>Podemos considerar y aprobar otros enlaces de los siguientes tipos de organizaciones:<\/p>\n\n\n\n<ul class=\"wp-block-list\">\n<li>Fuentes de informaci\u00f3n conocidas para consumidores o empresas<\/li>\n\n\n\n<li>Sitios comunitarios \u201c.com\u201d<\/li>\n\n\n\n<li>Asociaciones u otros grupos que representen organizaciones ben\u00e9ficas<\/li>\n\n\n\n<li>Distribuidores de directorios en l\u00ednea<\/li>\n\n\n\n<li>Portales de internet<\/li>\n\n\n\n<li>Firmas de contabilidad, legales y consultor\u00eda<\/li>\n\n\n\n<li>Instituciones educativas y asociaciones comerciales<\/li>\n<\/ul>\n\n\n\n<p>Aprobaremos los enlaces de estas organizaciones si determinamos que: (a) el enlace no nos hace ver desfavorablemente; (b) la organizaci\u00f3n no tiene antecedentes negativos con nosotros; (c) el beneficio de la visibilidad del hiperv\u00ednculo compensa la ausencia de Noelia Antol\u00edn; y (d) el enlace est\u00e1 en el contexto de informaci\u00f3n general de recursos.<\/p>\n\n\n\n<p>Estas organizaciones pueden enlazar a nuestra p\u00e1gina de inicio mientras el enlace: (a) no sea enga\u00f1oso; (b) no implique falsamente patrocinio, respaldo o aprobaci\u00f3n; y (c) encaje en el contexto del sitio de la parte que enlaza.<\/p>\n\n\n\n<p>Si eres una de las organizaciones mencionadas y deseas enlazar a nuestro sitio web, debes informarnos enviando un correo electr\u00f3nico a Noelia Antol\u00edn con tu nombre, el nombre de tu organizaci\u00f3n, informaci\u00f3n de contacto, la URL de tu sitio, lista de URLs desde las que enlazar\u00e1s y lista de URLs de nuestro sitio a las que deseas enlazar. Espera 2-3 semanas para recibir respuesta.<\/p>\n\n\n\n<p>Las organizaciones aprobadas pueden enlazar a nuestro sitio web de las siguientes maneras:<\/p>\n\n\n\n<ul class=\"wp-block-list\">\n<li>Usando nuestro nombre corporativo;<\/li>\n\n\n\n<li>Usando la URL espec\u00edfica enlazada;<\/li>\n\n\n\n<li>Usando cualquier otra descripci\u00f3n de nuestro sitio que tenga sentido dentro del contexto y formato del contenido del sitio de la parte que enlaza.<\/li>\n<\/ul>\n\n\n\n<p>No se permitir\u00e1 el uso del logo u otras obras de arte de Noelia Antol\u00edn sin un acuerdo de licencia de marca registrada.<\/p>\n\n\n\n<p><strong>Responsabilidad del contenido:<\/strong><br>No seremos responsables por ning\u00fan contenido que aparezca en tu sitio web. Aceptas protegernos y defendernos frente a cualquier reclamaci\u00f3n que surja de tu sitio web. Ning\u00fan enlace debe aparecer en sitios que puedan interpretarse como difamatorios, obscenos, criminales o que infrinjan derechos de terceros.<\/p>\n\n\n\n<p><strong>Reserva de derechos:<\/strong><br>Nos reservamos el derecho de solicitar que elimines todos los enlaces o cualquier enlace particular a nuestro sitio web. Aceptas eliminar inmediatamente todos los enlaces a nuestro sitio web cuando se solicite. Tambi\u00e9n nos reservamos el derecho de modificar estos t\u00e9rminos y condiciones y nuestra pol\u00edtica de enlaces en cualquier momento. Al enlazar continuamente a nuestro sitio web, aceptas seguir estos t\u00e9rminos y condiciones.<\/p>\n\n\n\n<p><strong>Eliminaci\u00f3n de enlaces de nuestro sitio web:<\/strong><br>Si encuentras un enlace ofensivo por cualquier motivo, puedes contactarnos en cualquier momento. Consideraremos las solicitudes de eliminaci\u00f3n, pero no estamos obligados a hacerlo ni a responderte directamente.<\/p>\n\n\n\n<p>No garantizamos que la informaci\u00f3n en este sitio web sea correcta. No aseguramos su integridad ni exactitud, ni prometemos que el sitio permanezca disponible o que el material est\u00e9 actualizado.<\/p>\n\n\n\n<p><strong>Descargo de responsabilidad:<\/strong><br>En la m\u00e1xima medida permitida por la ley aplicable, excluimos todas las representaciones, garant\u00edas y condiciones relacionadas con nuestro sitio web y su uso. Nada en este descargo de responsabilidad:<\/p>\n\n\n\n<ul class=\"wp-block-list\">\n<li>Limita o excluye nuestra responsabilidad o la tuya por muerte o lesiones personales;<\/li>\n\n\n\n<li>Limita o excluye nuestra responsabilidad o la tuya por fraude o representaci\u00f3n fraudulenta;<\/li>\n\n\n\n<li>Limita alguna de nuestras responsabilidades de forma no permitida por la ley aplicable; o<\/li>\n\n\n\n<li>Excluye responsabilidades que no pueden ser excluidas bajo la ley aplicable.<\/li>\n<\/ul>\n\n\n\n<p>Las limitaciones y prohibiciones de responsabilidad establecidas en esta secci\u00f3n y en este descargo: (a) est\u00e1n sujetas al p\u00e1rrafo anterior; y (b) rigen todas las responsabilidades derivadas del descargo, incluyendo responsabilidades contractuales, extracontractuales y por incumplimiento de deber legal.<\/p>\n\n\n\n<p>Mientras el sitio web y los servicios en \u00e9l se proporcionen de forma gratuita, no seremos responsables por ninguna p\u00e9rdida o da\u00f1o de cualquier tipo.<\/p>","protected":false},"excerpt":{"rendered":"<p>\u00a1Bienvenida a noeliaantolin.com! Estos t\u00e9rminos y condiciones describen las reglas y normas para el uso del sitio web de Noelia Antol\u00edn, ubicado en https:\/\/noeliaantolin.com. Al acceder a este sitio web, asumimos que aceptas estos t\u00e9rminos y condiciones. No contin\u00faes usando noeliaantolin.com si no est\u00e1s de acuerdo con todos los t\u00e9rminos y condiciones indicados en esta [&hellip;]<\/p>","protected":false},"author":1,"featured_media":0,"parent":0,"menu_order":0,"comment_status":"closed","ping_status":"closed","template":"","meta":{"footnotes":""},"class_list":["post-1304","page","type-page","status-publish","hentry"],"blocksy_meta":[],"aioseo_notices":[],"_links":{"self":[{"href":"https:\/\/noeliaantolin.com\/en\/wp-json\/wp\/v2\/pages\/1304","targetHints":{"allow":["GET"]}}],"collection":[{"href":"https:\/\/noeliaantolin.com\/en\/wp-json\/wp\/v2\/pages"}],"about":[{"href":"https:\/\/noeliaantolin.com\/en\/wp-json\/wp\/v2\/types\/page"}],"author":[{"embeddable":true,"href":"https:\/\/noeliaantolin.com\/en\/wp-json\/wp\/v2\/users\/1"}],"replies":[{"embeddable":true,"href":"https:\/\/noeliaantolin.com\/en\/wp-json\/wp\/v2\/comments?post=1304"}],"version-history":[{"count":2,"href":"https:\/\/noeliaantolin.com\/en\/wp-json\/wp\/v2\/pages\/1304\/revisions"}],"predecessor-version":[{"id":1318,"href":"https:\/\/noeliaantolin.com\/en\/wp-json\/wp\/v2\/pages\/1304\/revisions\/1318"}],"wp:attachment":[{"href":"https:\/\/noeliaantolin.com\/en\/wp-json\/wp\/v2\/media?parent=1304"}],"curies":[{"name":"wp","href":"https:\/\/api.w.org\/{rel}","templated":true}]}}