{"id":3,"date":"2025-09-22T20:10:10","date_gmt":"2025-09-22T20:10:10","guid":{"rendered":"https:\/\/noeliaantolin.com\/?page_id=3"},"modified":"2025-09-26T19:19:33","modified_gmt":"2025-09-26T19:19:33","slug":"politica-de-privacidad","status":"publish","type":"page","link":"https:\/\/noeliaantolin.com\/en\/politica-de-privacidad\/","title":{"rendered":"Pol\u00edtica de privacidad"},"content":{"rendered":"<h6 class=\"wp-block-heading\"><br>El sitio web noeliaantolin.com es propiedad de Noelia Antol\u00edn, responsable del tratamiento de sus datos personales.<\/h6>\n\n\n\n<p>Hemos adoptado esta Pol\u00edtica de Privacidad, que determina c\u00f3mo procesamos la informaci\u00f3n recopilada por noeliaantolin.com y explica por qu\u00e9 debemos recopilar ciertos datos personales sobre usted. Por lo tanto, le recomendamos leer esta Pol\u00edtica de Privacidad antes de utilizar el sitio web noeliaantolin.com.<\/p>\n\n\n\n<p>Cuidamos sus datos personales y nos comprometemos a garantizar su confidencialidad y seguridad.<\/p>\n\n\n\n<p>Informaci\u00f3n personal que recopilamos:<br>Cuando visita noeliaantolin.com, recopilamos autom\u00e1ticamente informaci\u00f3n sobre su dispositivo, incluyendo informaci\u00f3n sobre su navegador web, direcci\u00f3n IP, zona horaria y algunas cookies instaladas en su dispositivo. Adem\u00e1s, mientras navega por el Sitio, recopilamos informaci\u00f3n sobre las p\u00e1ginas web o productos que visita, qu\u00e9 sitios web o t\u00e9rminos de b\u00fasqueda lo redireccionaron al Sitio y c\u00f3mo interact\u00faa con \u00e9l. A esta informaci\u00f3n recopilada autom\u00e1ticamente la denominamos \u00abInformaci\u00f3n del Dispositivo\u00bb. Adem\u00e1s, podr\u00edamos recopilar los datos personales que nos proporcione (incluidos, entre otros, nombre, apellidos, direcci\u00f3n, informaci\u00f3n de pago, etc.) durante el registro para poder cumplir con el acuerdo.<\/p>\n\n\n\n<p>\u00bfPor qu\u00e9 procesamos sus datos?<br>Nuestra m\u00e1xima prioridad es la seguridad de los datos de nuestros clientes y, por lo tanto, solo procesaremos los datos m\u00ednimos de los usuarios, en la medida estrictamente necesaria para el mantenimiento del sitio web. La informaci\u00f3n recopilada autom\u00e1ticamente se utiliza \u00fanicamente para identificar posibles casos de abuso y establecer informaci\u00f3n estad\u00edstica sobre el uso del sitio web. Esta informaci\u00f3n estad\u00edstica no se agrega de forma que pueda identificar a ning\u00fan usuario en particular del sistema.<\/p>\n\n\n\n<p>Puede visitar el sitio web sin decirnos qui\u00e9n es ni revelar ninguna informaci\u00f3n que pueda identificarle como persona f\u00edsica espec\u00edfica. No obstante, si desea utilizar algunas de las funciones del sitio web, recibir nuestro bolet\u00edn informativo o proporcionar otros datos rellenando un formulario, puede proporcionarnos datos personales, como su correo electr\u00f3nico, nombre, apellidos, ciudad de residencia, organizaci\u00f3n y n\u00famero de tel\u00e9fono. Puede optar por no proporcionarnos sus datos personales, pero en ese caso es posible que no pueda disfrutar de algunas funciones del sitio web. Por ejemplo, no podr\u00e1 recibir nuestro bolet\u00edn informativo ni contactarnos directamente desde el sitio web. Si tiene dudas sobre qu\u00e9 informaci\u00f3n es obligatoria, puede contactarnos a trav\u00e9s de noeliaantolin@gmail.com.<\/p>\n\n\n\n<p>Sus derechos:<br>Si reside en la Uni\u00f3n Europea, tiene los siguientes derechos en relaci\u00f3n con sus datos personales:<\/p>\n\n\n\n<p>Derecho a la informaci\u00f3n.<\/p>\n\n\n\n<p>Derecho de acceso.<\/p>\n\n\n\n<p>Derecho de rectificaci\u00f3n.<\/p>\n\n\n\n<p>Derecho de supresi\u00f3n.<\/p>\n\n\n\n<p>Derecho a la limitaci\u00f3n del tratamiento.<\/p>\n\n\n\n<p>Derecho a la portabilidad de los datos.<\/p>\n\n\n\n<p>Derecho de oposici\u00f3n.<\/p>\n\n\n\n<p>Derechos en relaci\u00f3n con la toma de decisiones automatizada y la elaboraci\u00f3n de perfiles.<\/p>\n\n\n\n<p>Si desea ejercer este derecho, p\u00f3ngase en contacto con nosotros a trav\u00e9s de la informaci\u00f3n de contacto que figura a continuaci\u00f3n.<\/p>\n\n\n\n<p>Adem\u00e1s, si reside en Europa, le informamos que procesamos su informaci\u00f3n para cumplir con los contratos que podamos tener con usted (por ejemplo, si realiza un pedido a trav\u00e9s del Sitio) o para perseguir nuestros intereses comerciales leg\u00edtimos mencionados anteriormente. Adem\u00e1s, tenga en cuenta que su informaci\u00f3n podr\u00eda transferirse fuera de Europa, incluyendo Canad\u00e1 y Estados Unidos.<\/p>\n\n\n\n<p>Enlaces a otros sitios web:<br>Nuestro sitio web puede contener enlaces a otros sitios web que no son de nuestra propiedad ni est\u00e1n bajo nuestro control. Tenga en cuenta que no nos responsabilizamos de las pr\u00e1cticas de privacidad de dichos sitios web ni de terceros. Le recomendamos que, al salir de nuestro sitio web, tenga en cuenta las declaraciones de privacidad de cada sitio web que pueda recopilar informaci\u00f3n personal.<\/p>\n\n\n\n<p>Seguridad de la informaci\u00f3n:<br>Protegemos la informaci\u00f3n que nos proporciona en servidores inform\u00e1ticos en un entorno controlado y seguro, protegido contra el acceso, uso o divulgaci\u00f3n no autorizados. Mantenemos medidas de seguridad administrativas, t\u00e9cnicas y f\u00edsicas razonables para proteger contra el acceso, uso, modificaci\u00f3n y divulgaci\u00f3n no autorizados de los datos personales bajo su control y custodia. Sin embargo, no se puede garantizar la transmisi\u00f3n de datos a trav\u00e9s de Internet o redes inal\u00e1mbricas.<\/p>\n\n\n\n<p>Divulgaci\u00f3n legal:<br>Divulgaremos cualquier informaci\u00f3n que recopilemos, usemos o recibamos si as\u00ed lo exige o permite la ley, por ejemplo, para cumplir con una citaci\u00f3n o un proceso legal similar, y cuando consideremos de buena fe que la divulgaci\u00f3n es necesaria para proteger nuestros derechos, proteger su seguridad o la de terceros, investigar fraudes o responder a una solicitud gubernamental.<\/p>\n\n\n\n<p>Informaci\u00f3n de contacto:<br>Si desea contactarnos para obtener m\u00e1s informaci\u00f3n sobre esta Pol\u00edtica o para cualquier asunto relacionado con sus derechos individuales y su Informaci\u00f3n Personal, puede enviar un correo electr\u00f3nico a noeliaantolin@gmail.com.<\/p>","protected":false},"excerpt":{"rendered":"<p>El sitio web noeliaantolin.com es propiedad de Noelia Antol\u00edn, responsable del tratamiento de sus datos personales. Hemos adoptado esta Pol\u00edtica de Privacidad, que determina c\u00f3mo procesamos la informaci\u00f3n recopilada por noeliaantolin.com y explica por qu\u00e9 debemos recopilar ciertos datos personales sobre usted. Por lo tanto, le recomendamos leer esta Pol\u00edtica de Privacidad antes de utilizar [&hellip;]<\/p>","protected":false},"author":1,"featured_media":0,"parent":0,"menu_order":0,"comment_status":"closed","ping_status":"closed","template":"","meta":{"footnotes":""},"class_list":["post-3","page","type-page","status-publish","hentry"],"blocksy_meta":[],"aioseo_notices":[],"_links":{"self":[{"href":"https:\/\/noeliaantolin.com\/en\/wp-json\/wp\/v2\/pages\/3","targetHints":{"allow":["GET"]}}],"collection":[{"href":"https:\/\/noeliaantolin.com\/en\/wp-json\/wp\/v2\/pages"}],"about":[{"href":"https:\/\/noeliaantolin.com\/en\/wp-json\/wp\/v2\/types\/page"}],"author":[{"embeddable":true,"href":"https:\/\/noeliaantolin.com\/en\/wp-json\/wp\/v2\/users\/1"}],"replies":[{"embeddable":true,"href":"https:\/\/noeliaantolin.com\/en\/wp-json\/wp\/v2\/comments?post=3"}],"version-history":[{"count":2,"href":"https:\/\/noeliaantolin.com\/en\/wp-json\/wp\/v2\/pages\/3\/revisions"}],"predecessor-version":[{"id":1279,"href":"https:\/\/noeliaantolin.com\/en\/wp-json\/wp\/v2\/pages\/3\/revisions\/1279"}],"wp:attachment":[{"href":"https:\/\/noeliaantolin.com\/en\/wp-json\/wp\/v2\/media?parent=3"}],"curies":[{"name":"wp","href":"https:\/\/api.w.org\/{rel}","templated":true}]}}