{"id":628,"date":"2022-01-19T09:40:52","date_gmt":"2022-01-19T09:40:52","guid":{"rendered":"https:\/\/startersites.io\/stagingthree\/?page_id=628"},"modified":"2025-09-26T19:23:51","modified_gmt":"2025-09-26T19:23:51","slug":"sobre-mi","status":"publish","type":"page","link":"https:\/\/noeliaantolin.com\/en\/sobre-mi\/","title":{"rendered":"Sobre m\u00ed"},"content":{"rendered":"<div class=\"wp-block-stackable-columns aligncenter stk-block-columns stk-block stk-51b7e7a\" data-block-id=\"51b7e7a\"><style>.stk-51b7e7a-column{--stk-column-gap:35px !important;}@media screen and (max-width:999px){.stk-51b7e7a-column{--stk-column-gap:20px !important;}}@media screen and (max-width:689px){.stk-51b7e7a-column{row-gap:50px !important;}}<\/style><div class=\"stk-row stk-inner-blocks stk-block-content stk-content-align stk-51b7e7a-column\">\n<div class=\"wp-block-stackable-column stk-block-column stk-column stk-block stk-47ff57d\" data-v=\"4\" data-block-id=\"47ff57d\"><style>.stk-47ff57d-container{margin-top:0px !important;margin-right:0px !important;margin-bottom:0px !important;margin-left:0px !important;}<\/style><div class=\"stk-column-wrapper stk-block-column__content stk-container stk-47ff57d-container stk--no-background stk--no-padding\"><div class=\"stk-block-content stk-inner-blocks stk-47ff57d-inner-blocks\">\n<figure class=\"wp-block-image size-full\"><img loading=\"lazy\" decoding=\"async\" width=\"1920\" height=\"2560\" src=\"https:\/\/noeliaantolin.com\/wp-content\/uploads\/2025\/09\/noelia_antolin_about_me-scaled.jpg\" alt=\"\" class=\"wp-image-964\" srcset=\"https:\/\/noeliaantolin.com\/wp-content\/uploads\/2025\/09\/noelia_antolin_about_me-scaled.jpg 1920w, https:\/\/noeliaantolin.com\/wp-content\/uploads\/2025\/09\/noelia_antolin_about_me-scaled-300x400.jpg 300w, https:\/\/noeliaantolin.com\/wp-content\/uploads\/2025\/09\/noelia_antolin_about_me-scaled-1500x2000.jpg 1500w, https:\/\/noeliaantolin.com\/wp-content\/uploads\/2025\/09\/noelia_antolin_about_me-225x300.jpg 225w, https:\/\/noeliaantolin.com\/wp-content\/uploads\/2025\/09\/noelia_antolin_about_me-768x1024.jpg 768w, https:\/\/noeliaantolin.com\/wp-content\/uploads\/2025\/09\/noelia_antolin_about_me-1152x1536.jpg 1152w, https:\/\/noeliaantolin.com\/wp-content\/uploads\/2025\/09\/noelia_antolin_about_me-1536x2048.jpg 1536w, https:\/\/noeliaantolin.com\/wp-content\/uploads\/2025\/09\/noelia_antolin_about_me-9x12.jpg 9w\" sizes=\"auto, (max-width: 1920px) 100vw, 1920px\" \/><\/figure>\n\n\n\n<div class=\"wp-block-stackable-heading stk-block-heading stk-block-heading--v2 stk-block stk-0e319cf\" id=\"noelia-antolin-llorente\" data-block-id=\"0e319cf\"><style>.stk-0e319cf {padding-top:0px !important;padding-right:0px !important;padding-bottom:0px !important;padding-left:0px !important;margin-top:10px !important;margin-bottom:10px !important;}<\/style><h5 class=\"stk-block-heading__text has-text-align-center\">Noelia Antol\u00edn Llorente<\/h5><\/div>\n\n\n\n<div class=\"wp-block-stackable-text stk-block-text stk-block stk-4e826c7\" data-block-id=\"4e826c7\"><style>.stk-4e826c7 .stk-block-text__text{color:#aaaaaa !important;}<\/style><p class=\"stk-block-text__text has-text-color has-text-align-center\">Gij\u00f3n, 1975 (Asturias, Espa\u00f1a)<\/p><\/div>\n\n\n\n<div class=\"wp-block-stackable-button-group stk-block-button-group stk-block stk-5e296be\" data-block-id=\"5e296be\"><style>.stk-5e296be .stk-inner-blocks{column-gap:5px !important;}<\/style><div class=\"stk-row stk-inner-blocks has-text-align-center stk-block-content stk-button-group\">\n<div class=\"wp-block-stackable-icon-button stk-block-icon-button stk-block stk-6ccc6b1 is-style-ghost\" data-block-id=\"6ccc6b1\"><style>.stk-6ccc6b1 .stk-button{background:transparent !important;border-radius:0px !important;}.stk-6ccc6b1 .stk-button:hover{background:transparent !important;opacity:1 !important;}:where(.stk-hover-parent:hover,  .stk-hover-parent.stk--is-hovered) .stk-6ccc6b1 .stk-button:after{background:transparent !important;opacity:1 !important;}.stk-6ccc6b1 .stk-button:before{border-style:solid !important;border-color:var(--theme-palette-color-5, #eaeaec) !important;border-top-width:1px !important;border-right-width:1px !important;border-bottom-width:1px !important;border-left-width:1px !important;}.stk-6ccc6b1 .stk-button .stk--inner-svg svg:last-child, .stk-6ccc6b1 .stk-button .stk--inner-svg svg:last-child :is(g, path, rect, polygon, ellipse){fill:var(--theme-palette-color-1, #a8977b) !important;}<\/style><a class=\"stk-link stk-button stk--hover-effect-darken\" href=\"https:\/\/www.facebook.com\/noeliaantolinllorente\/\" target=\"_blank\" rel=\"noreferrer noopener\"><span class=\"stk--svg-wrapper\"><div class=\"stk--inner-svg\"><svg aria-hidden=\"true\" focusable=\"false\" data-prefix=\"fab\" data-icon=\"facebook-f\" class=\"svg-inline--fa fa-facebook-f fa-w-10\" xmlns=\"http:\/\/www.w3.org\/2000\/svg\" viewbox=\"0 0 320 512\" width=\"32\" height=\"32\"><path fill=\"currentColor\" d=\"M279.14 288l14.22-92.66h-88.91v-60.13c0-25.35 12.42-50.06 52.24-50.06h40.42V6.26S260.43 0 225.36 0c-73.22 0-121.08 44.38-121.08 124.72v70.62H22.89V288h81.39v224h100.17V288z\"><\/path><\/svg><\/div><\/span><\/a><\/div>\n\n\n\n<div class=\"wp-block-stackable-icon-button stk-block-icon-button stk-block stk-bcf7901 is-style-ghost\" data-block-id=\"bcf7901\"><style>.stk-bcf7901 .stk-button{background:transparent !important;border-radius:0px !important;}.stk-bcf7901 .stk-button:hover{background:transparent !important;opacity:1 !important;}:where(.stk-hover-parent:hover,  .stk-hover-parent.stk--is-hovered) .stk-bcf7901 .stk-button:after{background:transparent !important;opacity:1 !important;}.stk-bcf7901 .stk-button:before{border-style:solid !important;border-color:var(--theme-palette-color-5, #eaeaec) !important;border-top-width:1px !important;border-right-width:1px !important;border-bottom-width:1px !important;border-left-width:1px !important;}.stk-bcf7901 .stk-button .stk--inner-svg svg:last-child, .stk-bcf7901 .stk-button .stk--inner-svg svg:last-child :is(g, path, rect, polygon, ellipse){fill:var(--theme-palette-color-1, #a8977b) !important;}<\/style><a class=\"stk-link stk-button stk--hover-effect-darken\" href=\"https:\/\/www.instagram.com\/noelia_antolin_art\/\" target=\"_blank\" rel=\"noreferrer noopener\"><span class=\"stk--svg-wrapper\"><div class=\"stk--inner-svg\"><svg xmlns=\"http:\/\/www.w3.org\/2000\/svg\" viewbox=\"0 0 448 512\" aria-hidden=\"true\" width=\"32\" height=\"32\"><path d=\"M224.1 141c-63.6 0-114.9 51.3-114.9 114.9s51.3 114.9 114.9 114.9S339 319.5 339 255.9 287.7 141 224.1 141zm0 189.6c-41.1 0-74.7-33.5-74.7-74.7s33.5-74.7 74.7-74.7 74.7 33.5 74.7 74.7-33.6 74.7-74.7 74.7zm146.4-194.3c0 14.9-12 26.8-26.8 26.8-14.9 0-26.8-12-26.8-26.8s12-26.8 26.8-26.8 26.8 12 26.8 26.8zm76.1 27.2c-1.7-35.9-9.9-67.7-36.2-93.9-26.2-26.2-58-34.4-93.9-36.2-37-2.1-147.9-2.1-184.9 0-35.8 1.7-67.6 9.9-93.9 36.1s-34.4 58-36.2 93.9c-2.1 37-2.1 147.9 0 184.9 1.7 35.9 9.9 67.7 36.2 93.9s58 34.4 93.9 36.2c37 2.1 147.9 2.1 184.9 0 35.9-1.7 67.7-9.9 93.9-36.2 26.2-26.2 34.4-58 36.2-93.9 2.1-37 2.1-147.8 0-184.8zM398.8 388c-7.8 19.6-22.9 34.7-42.6 42.6-29.5 11.7-99.5 9-132.1 9s-102.7 2.6-132.1-9c-19.6-7.8-34.7-22.9-42.6-42.6-11.7-29.5-9-99.5-9-132.1s-2.6-102.7 9-132.1c7.8-19.6 22.9-34.7 42.6-42.6 29.5-11.7 99.5-9 132.1-9s102.7-2.6 132.1 9c19.6 7.8 34.7 22.9 42.6 42.6 11.7 29.5 9 99.5 9 132.1s2.7 102.7-9 132.1z\"><\/path><\/svg><\/div><\/span><\/a><\/div>\n\n\n\n<div class=\"wp-block-stackable-icon-button stk-block-icon-button stk-block stk-363c87d is-style-ghost\" data-block-id=\"363c87d\"><style>.stk-363c87d .stk-button{background:transparent !important;border-radius:0px !important;}.stk-363c87d .stk-button:hover{background:transparent !important;opacity:1 !important;}:where(.stk-hover-parent:hover,  .stk-hover-parent.stk--is-hovered) .stk-363c87d .stk-button:after{background:transparent !important;opacity:1 !important;}.stk-363c87d .stk-button:before{border-style:solid !important;border-color:var(--theme-palette-color-5, #eaeaec) !important;border-top-width:1px !important;border-right-width:1px !important;border-bottom-width:1px !important;border-left-width:1px !important;}.stk-363c87d .stk-button .stk--inner-svg svg:last-child, .stk-363c87d .stk-button .stk--inner-svg svg:last-child :is(g, path, rect, polygon, ellipse){fill:var(--theme-palette-color-1, #a8977b) !important;}<\/style><a class=\"stk-link stk-button stk--hover-effect-darken\" href=\"https:\/\/www.tiktok.com\/@noelia_antolin_art\" target=\"_blank\" rel=\"noreferrer noopener\"><span class=\"stk--svg-wrapper\"><div class=\"stk--inner-svg\"><svg xmlns=\"http:\/\/www.w3.org\/2000\/svg\" viewbox=\"0 0 448 512\" aria-hidden=\"true\" width=\"32\" height=\"32\"><path d=\"M448,209.91a210.06,210.06,0,0,1-122.77-39.25V349.38A162.55,162.55,0,1,1,185,188.31V278.2a74.62,74.62,0,1,0,52.23,71.18V0l88,0a121.18,121.18,0,0,0,1.86,22.17h0A122.18,122.18,0,0,0,381,102.39a121.43,121.43,0,0,0,67,20.14Z\"><\/path><\/svg><\/div><\/span><\/a><\/div>\n\n\n\n<div class=\"wp-block-stackable-icon-button stk-block-icon-button stk-block stk-9705294 is-style-ghost\" data-block-id=\"9705294\"><style>.stk-9705294 .stk-button{background:transparent !important;border-radius:0px !important;}.stk-9705294 .stk-button:hover{background:transparent !important;opacity:1 !important;}:where(.stk-hover-parent:hover,  .stk-hover-parent.stk--is-hovered) .stk-9705294 .stk-button:after{background:transparent !important;opacity:1 !important;}.stk-9705294 .stk-button:before{border-style:solid !important;border-color:var(--theme-palette-color-5, #eaeaec) !important;border-top-width:1px !important;border-right-width:1px !important;border-bottom-width:1px !important;border-left-width:1px !important;}.stk-9705294 .stk-button .stk--inner-svg svg:last-child, .stk-9705294 .stk-button .stk--inner-svg svg:last-child :is(g, path, rect, polygon, ellipse){fill:var(--theme-palette-color-1, #a8977b) !important;}<\/style><a class=\"stk-link stk-button stk--hover-effect-darken\" href=\"https:\/\/www.youtube.com\/@NoeliaAntolin\" target=\"_blank\" rel=\"noreferrer noopener\"><span class=\"stk--svg-wrapper\"><div class=\"stk--inner-svg\"><svg xmlns=\"http:\/\/www.w3.org\/2000\/svg\" viewbox=\"0 0 576 512\" aria-hidden=\"true\" width=\"32\" height=\"32\"><path d=\"M549.655 124.083c-6.281-23.65-24.787-42.276-48.284-48.597C458.781 64 288 64 288 64S117.22 64 74.629 75.486c-23.497 6.322-42.003 24.947-48.284 48.597-11.412 42.867-11.412 132.305-11.412 132.305s0 89.438 11.412 132.305c6.281 23.65 24.787 41.5 48.284 47.821C117.22 448 288 448 288 448s170.78 0 213.371-11.486c23.497-6.321 42.003-24.171 48.284-47.821 11.412-42.867 11.412-132.305 11.412-132.305s0-89.438-11.412-132.305zm-317.51 213.508V175.185l142.739 81.205-142.739 81.201z\"><\/path><\/svg><\/div><\/span><\/a><\/div>\n\n\n\n<div class=\"wp-block-stackable-icon-button stk-block-icon-button stk-block stk-6c041fa is-style-ghost\" data-block-id=\"6c041fa\"><style>.stk-6c041fa .stk-button{background:transparent !important;border-radius:0px !important;}.stk-6c041fa .stk-button:hover{background:transparent !important;opacity:1 !important;}:where(.stk-hover-parent:hover,  .stk-hover-parent.stk--is-hovered) .stk-6c041fa .stk-button:after{background:transparent !important;opacity:1 !important;}.stk-6c041fa .stk-button:before{border-style:solid !important;border-color:var(--theme-palette-color-5, #eaeaec) !important;border-top-width:1px !important;border-right-width:1px !important;border-bottom-width:1px !important;border-left-width:1px !important;}.stk-6c041fa .stk-button .stk--inner-svg svg:last-child, .stk-6c041fa .stk-button .stk--inner-svg svg:last-child :is(g, path, rect, polygon, ellipse){fill:var(--theme-palette-color-1, #a8977b) !important;}<\/style><a class=\"stk-link stk-button stk--hover-effect-darken\" href=\"https:\/\/es.pinterest.com\/noelia_antolin_art\/\" target=\"_blank\" rel=\"noreferrer noopener\"><span class=\"stk--svg-wrapper\"><div class=\"stk--inner-svg\"><svg xmlns=\"http:\/\/www.w3.org\/2000\/svg\" viewbox=\"0 0 384 512\" aria-hidden=\"true\" width=\"32\" height=\"32\"><path d=\"M204 6.5C101.4 6.5 0 74.9 0 185.6 0 256 39.6 296 63.6 296c9.9 0 15.6-27.6 15.6-35.4 0-9.3-23.7-29.1-23.7-67.8 0-80.4 61.2-137.4 140.4-137.4 68.1 0 118.5 38.7 118.5 109.8 0 53.1-21.3 152.7-90.3 152.7-24.9 0-46.2-18-46.2-43.8 0-37.8 26.4-74.4 26.4-113.4 0-66.2-93.9-54.2-93.9 25.8 0 16.8 2.1 35.4 9.6 50.7-13.8 59.4-42 147.9-42 209.1 0 18.9 2.7 37.5 4.5 56.4 3.4 3.8 1.7 3.4 6.9 1.5 50.4-69 48.6-82.5 71.4-172.8 12.3 23.4 44.1 36 69.3 36 106.2 0 153.9-103.5 153.9-196.8C384 71.3 298.2 6.5 204 6.5z\"><\/path><\/svg><\/div><\/span><\/a><\/div>\n<\/div><\/div>\n<\/div><\/div><\/div>\n\n\n\n<div class=\"wp-block-stackable-column stk-block-column stk-column stk-block stk-5a8e72b\" data-v=\"4\" data-block-id=\"5a8e72b\"><style>.stk-5a8e72b-container{margin-top:0px !important;margin-right:0px !important;margin-bottom:0px !important;margin-left:0px !important;}<\/style><div class=\"stk-column-wrapper stk-block-column__content stk-container stk-5a8e72b-container stk--no-background stk--no-padding\"><div class=\"stk-block-content stk-inner-blocks stk-5a8e72b-inner-blocks\">\n<div class=\"wp-block-stackable-heading stk-block-heading stk-block-heading--v2 stk-block stk-da16509\" data-block-id=\"da16509\"><style>.stk-da16509 {padding-top:0px !important;padding-right:0px !important;padding-bottom:0px !important;padding-left:0px !important;margin-top:10px !important;margin-bottom:10px !important;}<\/style><h5 class=\"stk-block-heading__text has-text-align-center\"> <\/h5><\/div>\n\n\n\n<p> Hola!, mi nombre es Noelia Antol\u00edn Llorente (1975, Gij\u00f3n, Espa\u00f1a) y soy pintora, dise\u00f1adora e ilustradora. <\/p>\n\n\n\n<p>Inici\u00e9 mis estudios art\u00edsticos a muy temprana edad y m\u00e1s tarde me licenci\u00e9 en Bellas Artes en la Universidad de Salamanca.<\/p>\n\n\n\n<p>Ejerc\u00ed como docente en un estudio de Gij\u00f3n durante unos cuantos a\u00f1os y tambi\u00e9n en el Colegio P\u00fablico \u201cAsturias\u201d, dando clases extra escolares de dibujo y pintura a ni\u00f1os de entre 4 y 11 a\u00f1os. <\/p>\n\n\n\n<p>Expuse mi obra en exposiciones tanto colectivas como individuales, como por ejemplo, en la Sala de Arte de la fundaci\u00f3n Alvargonz\u00e1lez (Gij\u00f3n, 2005) y en la Sala de Arte del Instituto Egipcio de Estudios Isl\u00e1micos (Madrid, 2005).<\/p>\n<\/div><\/div><\/div>\n<\/div><\/div>\n\n\n\n<div class=\"wp-block-stackable-spacer stk-block-spacer stk--no-padding stk-block stk-c003d22\" data-block-id=\"c003d22\"><style>.stk-c003d22 {height:50px !important;}@media screen and (max-width:689px){.stk-c003d22 {height:20px !important;}}<\/style><\/div>\n\n\n\n<div class=\"wp-block-stackable-heading stk-block-heading stk-block-heading--v2 stk-block stk-cc405c3\" id=\"mis-influencias-artisticas\" data-block-id=\"cc405c3\"><style>@media screen and (max-width:689px){.stk-cc405c3 {margin-bottom:40px !important;}.stk-cc405c3 .stk-block-heading__text{font-size:25px !important;}}<\/style><h2 class=\"stk-block-heading__text has-text-align-left has-text-align-center-mobile\">Mis Influencias Art\u00edsticas<\/h2><\/div>\n\n\n\n<div class=\"wp-block-stackable-columns stk-block-columns stk-block stk-e9fb440\" data-block-id=\"e9fb440\"><style>.stk-e9fb440 {margin-bottom:0px !important;}.stk-e9fb440-column{--stk-column-gap:30px !important;}@media screen and (max-width:689px){.stk-e9fb440-column{row-gap:50px !important;}}<\/style><div class=\"stk-row stk-inner-blocks stk-block-content stk-content-align stk-e9fb440-column\">\n<div class=\"wp-block-stackable-column stk-block-column stk-column stk-block stk-3d0787d\" data-v=\"4\" data-block-id=\"3d0787d\"><style>.stk-3d0787d-container{margin-top:0px !important;margin-right:0px !important;margin-bottom:0px !important;margin-left:0px !important;}<\/style><div class=\"stk-column-wrapper stk-block-column__content stk-container stk-3d0787d-container stk--no-background stk--no-padding\"><div class=\"stk-block-content stk-inner-blocks stk-3d0787d-inner-blocks\">\n<p>Me gustan todas las t\u00e9cnicas art\u00edsticas siendo el \u00f3leo mi favorita, y todos los movimientos art\u00edsticos, sobre todo el impresionismo y el surrealismo. Mis influencias son muchas, grandes pintores como Van Gogh, Dali, Escher, Munch.. Incluso pint\u00e9 mi versi\u00f3n del Grito de Munch, me divert\u00ed mucho :-).<\/p>\n\n\n\n<p>Me inspira todo, cada instante de la vida cotidiana, la naturaleza, lo es\u00f3terico, la cultura pop, el cine, la historia del arte&#8230; Para m\u00ed es importante transmitir a trav\u00e9s del color, la geometr\u00eda, la composici\u00f3n.. y as\u00ed crear mi propio mundo.<\/p>\n<\/div><\/div><\/div>\n\n\n\n<div class=\"wp-block-stackable-column stk-block-column stk-column stk-block stk-ec967e2\" data-v=\"4\" data-block-id=\"ec967e2\"><style>.stk-ec967e2-container{margin-top:0px !important;margin-right:0px !important;margin-bottom:0px !important;margin-left:0px !important;}<\/style><div class=\"stk-column-wrapper stk-block-column__content stk-container stk-ec967e2-container stk--no-background stk--no-padding\"><div class=\"stk-block-content stk-inner-blocks stk-ec967e2-inner-blocks\">\n<p>Aparte de mi inter\u00e9s art\u00edstico, soy una persona muy curiosa, viajera y polifac\u00e9tica. Me interesan las terapias para trabajar el empoderamiento personal a trav\u00e9s del pensamiento positivo, sanaci\u00f3n energ\u00e9tica y liberaci\u00f3n emocional, de ah\u00ed que en mis creaciones utilice referencias al esoterismo, la naturaleza, el cosmo, los sue\u00f1os, la mente, etc..<\/p>\n\n\n\n<p>A trav\u00e9s de mis creaciones busco mi propia sanaci\u00f3n y bienestar, conectando con mi libertad y creatividad, para poder expresar mis valores y el respeto hacia todo lo que amo y me inspira. <\/p>\n<\/div><\/div><\/div>\n<\/div><\/div>\n\n\n\n<div class=\"wp-block-stackable-spacer stk-block-spacer stk--no-padding stk-block stk-0f07c80\" data-block-id=\"0f07c80\"><style>.stk-0f07c80 {height:100px !important;}@media screen and (max-width:999px){.stk-0f07c80 {height:80px !important;}}@media screen and (max-width:689px){.stk-0f07c80 {height:50px !important;}}<\/style><\/div>\n\n\n\n<div class=\"wp-block-stackable-columns stk-block-columns stk-block stk-23f7d34\" data-block-id=\"23f7d34\"><style>.stk-23f7d34 .stk--block-align-23f7d34{align-items:center !important;}.stk-23f7d34 {margin-bottom:0px !important;}.stk-23f7d34-column{--stk-column-gap:60px !important;row-gap:50px !important;}@media screen and (max-width:689px){.stk-23f7d34-column{row-gap:50px !important;}}<\/style><div class=\"stk-row stk-inner-blocks stk--block-align-23f7d34 stk-block-content stk-content-align stk-23f7d34-column\">\n<div class=\"wp-block-stackable-column stk-block-column stk-column stk-block stk-f3bdcdd\" data-v=\"4\" data-block-id=\"f3bdcdd\"><style>.stk-f3bdcdd-container{margin-top:0px !important;margin-right:0px !important;margin-bottom:0px !important;margin-left:0px !important;}@media screen and (min-width:690px){.stk-f3bdcdd {flex:var(--stk-flex-grow, 1) 1 calc(55% - var(--stk-column-gap, 0px) * 1 \/ 2 ) !important;}}@media screen and (min-width:690px) and (max-width:999px){.stk-f3bdcdd {flex:var(--stk-flex-grow, 1) 1 calc(100% - var(--stk-column-gap, 0px) * 0 \/ 1 ) !important;}}<\/style><div class=\"stk-column-wrapper stk-block-column__content stk-container stk-f3bdcdd-container stk--no-background stk--no-padding\"><div class=\"stk-block-content stk-inner-blocks stk-f3bdcdd-inner-blocks\">\n<figure class=\"wp-block-image size-full\"><img loading=\"lazy\" decoding=\"async\" width=\"1024\" height=\"1024\" src=\"https:\/\/noeliaantolin.com\/wp-content\/uploads\/2025\/09\/noelia-antolin-exposicion-coto-gijon.jpg\" alt=\"\" class=\"wp-image-965\" srcset=\"https:\/\/noeliaantolin.com\/wp-content\/uploads\/2025\/09\/noelia-antolin-exposicion-coto-gijon.jpg 1024w, https:\/\/noeliaantolin.com\/wp-content\/uploads\/2025\/09\/noelia-antolin-exposicion-coto-gijon-300x300.jpg 300w, https:\/\/noeliaantolin.com\/wp-content\/uploads\/2025\/09\/noelia-antolin-exposicion-coto-gijon-150x150.jpg 150w, https:\/\/noeliaantolin.com\/wp-content\/uploads\/2025\/09\/noelia-antolin-exposicion-coto-gijon-768x768.jpg 768w, https:\/\/noeliaantolin.com\/wp-content\/uploads\/2025\/09\/noelia-antolin-exposicion-coto-gijon-12x12.jpg 12w, https:\/\/noeliaantolin.com\/wp-content\/uploads\/2025\/09\/noelia-antolin-exposicion-coto-gijon-600x600.jpg 600w\" sizes=\"auto, (max-width: 1024px) 100vw, 1024px\" \/><\/figure>\n<\/div><\/div><\/div>\n\n\n\n<div class=\"wp-block-stackable-column stk-block-column stk-column stk-block stk-dba065b\" data-v=\"4\" data-block-id=\"dba065b\"><style>.stk-dba065b-container{margin-top:0px !important;margin-right:0px !important;margin-bottom:0px !important;margin-left:0px !important;}@media screen and (min-width:690px){.stk-dba065b {flex:var(--stk-flex-grow, 1) 1 calc(45% - var(--stk-column-gap, 0px) * 1 \/ 2 ) !important;}}@media screen and (min-width:690px) and (max-width:999px){.stk-dba065b {flex:var(--stk-flex-grow, 1) 1 calc(100% - var(--stk-column-gap, 0px) * 0 \/ 1 ) !important;}}<\/style><div class=\"stk-column-wrapper stk-block-column__content stk-container stk-dba065b-container stk--no-background stk--no-padding\"><div class=\"stk-block-content stk-inner-blocks stk-dba065b-inner-blocks\">\n<div class=\"wp-block-stackable-heading stk-block-heading stk-block-heading--v2 stk-block stk-c4b959c\" id=\"concursos-y-premios\" data-block-id=\"c4b959c\"><style>.stk-c4b959c {margin-bottom:10px !important;}@media screen and (max-width:689px){.stk-c4b959c .stk-block-heading__text{font-size:25px !important;}}<\/style><h3 class=\"stk-block-heading__text has-text-align-center-tablet\">Concursos y Premios<\/h3><\/div>\n\n\n\n<div class=\"wp-block-stackable-text stk-block-text stk-block stk-e388663\" data-block-id=\"e388663\"><style>.stk-e388663 {margin-bottom:50px !important;}@media screen and (max-width:689px){.stk-e388663 {margin-bottom:30px !important;}}<\/style><p class=\"stk-block-text__text has-text-align-left has-text-align-center-tablet\">Durante estos a\u00f1os he participado en algunos concursos y tambi\u00e9n hice exposiciones individuales y colectivas. Pulsa en el bot\u00f3n para ver mi curriculum art\u00edstico.<\/p><\/div>\n\n\n\n<div class=\"wp-block-stackable-button-group stk-block-button-group stk-block stk-61a3042\" data-block-id=\"61a3042\"><div class=\"stk-row stk-inner-blocks has-text-align-center-tablet stk-block-content stk-button-group\">\n<div class=\"wp-block-stackable-button stk-block-button stk-block stk-ac49bbf\" data-block-id=\"ac49bbf\"><style>.stk-ac49bbf .stk-button{padding-right:25px !important;padding-left:25px !important;}.stk-ac49bbf .stk-button__inner-text{font-size:18px !important;}@media screen and (max-width:999px){.stk-ac49bbf .stk-button__inner-text{font-size:18px !important;}}<\/style><a class=\"stk-link stk-button stk--hover-effect-darken\" href=\"https:\/\/noeliaantolin.com\/en\/curriculum-artistico\/\"><span class=\"stk-button__inner-text\">Ver Curriculum<\/span><\/a><\/div>\n<\/div><\/div>\n<\/div><\/div><\/div>\n<\/div><\/div>\n\n\n\n<p><\/p>","protected":false},"excerpt":{"rendered":"<p>Noelia Antol\u00edn Llorente Gij\u00f3n, 1975 (Asturias, Espa\u00f1a) Hola!, mi nombre es Noelia Antol\u00edn Llorente (1975, Gij\u00f3n, Espa\u00f1a) y soy pintora, dise\u00f1adora e ilustradora. Inici\u00e9 mis estudios art\u00edsticos a muy temprana edad y m\u00e1s tarde me licenci\u00e9 en Bellas Artes en la Universidad de Salamanca. Ejerc\u00ed como docente en un estudio de Gij\u00f3n durante unos cuantos [&hellip;]<\/p>","protected":false},"author":1,"featured_media":0,"parent":0,"menu_order":0,"comment_status":"closed","ping_status":"closed","template":"","meta":{"footnotes":""},"class_list":["post-628","page","type-page","status-publish","hentry"],"blocksy_meta":{"styles_descriptor":{"styles":{"desktop":"","tablet":"","mobile":""},"google_fonts":[],"version":6}},"aioseo_notices":[],"_links":{"self":[{"href":"https:\/\/noeliaantolin.com\/en\/wp-json\/wp\/v2\/pages\/628","targetHints":{"allow":["GET"]}}],"collection":[{"href":"https:\/\/noeliaantolin.com\/en\/wp-json\/wp\/v2\/pages"}],"about":[{"href":"https:\/\/noeliaantolin.com\/en\/wp-json\/wp\/v2\/types\/page"}],"author":[{"embeddable":true,"href":"https:\/\/noeliaantolin.com\/en\/wp-json\/wp\/v2\/users\/1"}],"replies":[{"embeddable":true,"href":"https:\/\/noeliaantolin.com\/en\/wp-json\/wp\/v2\/comments?post=628"}],"version-history":[{"count":20,"href":"https:\/\/noeliaantolin.com\/en\/wp-json\/wp\/v2\/pages\/628\/revisions"}],"predecessor-version":[{"id":1281,"href":"https:\/\/noeliaantolin.com\/en\/wp-json\/wp\/v2\/pages\/628\/revisions\/1281"}],"wp:attachment":[{"href":"https:\/\/noeliaantolin.com\/en\/wp-json\/wp\/v2\/media?parent=628"}],"curies":[{"name":"wp","href":"https:\/\/api.w.org\/{rel}","templated":true}]}}