{"id":630,"date":"2022-01-19T09:41:08","date_gmt":"2022-01-19T09:41:08","guid":{"rendered":"https:\/\/startersites.io\/stagingthree\/?page_id=630"},"modified":"2025-09-23T22:19:39","modified_gmt":"2025-09-23T22:19:39","slug":"contacto","status":"publish","type":"page","link":"https:\/\/noeliaantolin.com\/en\/contacto\/","title":{"rendered":"Contacto"},"content":{"rendered":"<figure class=\"wp-block-image alignfull size-large\"><img loading=\"lazy\" decoding=\"async\" width=\"1024\" height=\"576\" src=\"https:\/\/noeliaantolin.com\/wp-content\/uploads\/2025\/09\/portada_web-1-1024x576.jpg\" alt=\"\" class=\"wp-image-948\" srcset=\"https:\/\/noeliaantolin.com\/wp-content\/uploads\/2025\/09\/portada_web-1-1024x576.jpg 1024w, https:\/\/noeliaantolin.com\/wp-content\/uploads\/2025\/09\/portada_web-1-300x169.jpg 300w, https:\/\/noeliaantolin.com\/wp-content\/uploads\/2025\/09\/portada_web-1-1500x844.jpg 1500w, https:\/\/noeliaantolin.com\/wp-content\/uploads\/2025\/09\/portada_web-1-768x432.jpg 768w, https:\/\/noeliaantolin.com\/wp-content\/uploads\/2025\/09\/portada_web-1-1536x864.jpg 1536w, https:\/\/noeliaantolin.com\/wp-content\/uploads\/2025\/09\/portada_web-1-18x10.jpg 18w, https:\/\/noeliaantolin.com\/wp-content\/uploads\/2025\/09\/portada_web-1.jpg 1920w\" sizes=\"auto, (max-width: 1024px) 100vw, 1024px\" \/><\/figure>\n\n\n\n<div class=\"wp-block-stackable-columns stk-block-columns stk-block stk-6e52a67\" data-block-id=\"6e52a67\"><style>.stk-6e52a67 {max-width:1000px !important;min-width:auto !important;margin-top:-80px !important;margin-right:auto !important;margin-bottom:0px !important;margin-left:auto !important;}.stk-6e52a67-column{--stk-column-gap:35px !important;}@media screen and (max-width:689px){.stk-6e52a67 {margin-top:0px !important;}.stk-6e52a67-column{--stk-column-gap:0px !important;row-gap:80px !important;}}<\/style><div class=\"stk-row stk-inner-blocks has-text-align-center-mobile stk-block-content stk-content-align stk-6e52a67-column\">\n<div class=\"wp-block-stackable-column stk-block-column stk-column stk-block stk-7879cbb\" data-block-id=\"7879cbb\"><style>.stk-7879cbb-container{margin-top:0px !important;margin-right:0px !important;margin-bottom:0px !important;margin-left:0px !important;}@media screen and (min-width:690px){.stk-7879cbb {flex:var(--stk-flex-grow, 1) 1 calc(40% - var(--stk-column-gap, 0px) * 1 \/ 2 ) !important;}}<\/style><div class=\"stk-column-wrapper stk-block-column__content stk-container stk-7879cbb-container stk--no-background stk--no-padding\"><div class=\"stk-block-content stk-inner-blocks stk-7879cbb-inner-blocks\">\n<div class=\"wp-block-stackable-spacer stk-block-spacer stk--no-padding stk-block stk-a573235\" data-block-id=\"a573235\"><style>.stk-a573235 {height:130px !important;}@media screen and (max-width:689px){.stk-a573235 {height:50px !important;}}<\/style><\/div>\n\n\n\n<p>No dude en contacto conmigo para resolver cualquier pregunta o inquietud, le responder\u00e9 lo m\u00e1s pronto posible.<\/p>\n\n\n\n<p>Aprecio su inter\u00e9s y espero tener noticias suyas.<\/p>\n\n\n\n<div class=\"wp-block-stackable-columns stk-block-columns stk-block stk-576a428\" data-block-id=\"576a428\"><style>.stk-576a428-column{--stk-column-gap:35px !important;}@media screen and (max-width:689px){.stk-576a428-column{--stk-column-gap:0px !important;row-gap:35px !important;}}<\/style><div class=\"stk-row stk-inner-blocks stk-block-content stk-content-align stk-576a428-column\">\n<div class=\"wp-block-stackable-column stk-block-column stk-column stk-block stk-80a43cf\" data-block-id=\"80a43cf\"><style>.stk-80a43cf-container{margin-top:0px !important;margin-right:0px !important;margin-bottom:0px !important;margin-left:0px !important;}@media screen and (min-width:690px){.stk-80a43cf {flex:var(--stk-flex-grow, 1) 1 calc(15% - var(--stk-column-gap, 0px) * 1 \/ 2 ) !important;}}<\/style><div class=\"stk-column-wrapper stk-block-column__content stk-container stk-80a43cf-container stk--no-background stk--no-padding\"><div class=\"stk-block-content stk-inner-blocks stk-80a43cf-inner-blocks\">\n<div class=\"wp-block-stackable-icon stk-block-icon stk-block stk-514d4fa\" data-block-id=\"514d4fa\"><style>.stk-514d4fa .stk--svg-wrapper .stk--inner-svg svg:last-child{height:40px !important;width:40px !important;}.stk-514d4fa .stk--svg-wrapper .stk--inner-svg svg:last-child, .stk-514d4fa .stk--svg-wrapper .stk--inner-svg svg:last-child :is(g, path, rect, polygon, ellipse){fill:var(--theme-palette-color-1, #a8977b) !important;}<\/style><span class=\"stk--svg-wrapper\"><div class=\"stk--inner-svg\"><svg style=\"height:0;width:0\"><defs><lineargradient id=\"linear-gradient-514d4fa\" x1=\"0\" x2=\"100%\" y1=\"0\" y2=\"0\"><stop offset=\"0%\" style=\"stop-opacity:1;stop-color:var(--linear-gradient-514-d-4-fa-color-1)\"><\/stop><stop offset=\"100%\" style=\"stop-opacity:1;stop-color:var(--linear-gradient-514-d-4-fa-color-2)\"><\/stop><\/lineargradient><\/defs><\/svg><svg xmlns=\"http:\/\/www.w3.org\/2000\/svg\" viewbox=\"0 0 448 512\" aria-hidden=\"true\" width=\"32\" height=\"32\"><path d=\"M380.9 97.1C339 55.1 283.2 32 223.9 32c-122.4 0-222 99.6-222 222 0 39.1 10.2 77.3 29.6 111L0 480l117.7-30.9c32.4 17.7 68.9 27 106.1 27h.1c122.3 0 224.1-99.6 224.1-222 0-59.3-25.2-115-67.1-157zm-157 341.6c-33.2 0-65.7-8.9-94-25.7l-6.7-4-69.8 18.3L72 359.2l-4.4-7c-18.5-29.4-28.2-63.3-28.2-98.2 0-101.7 82.8-184.5 184.6-184.5 49.3 0 95.6 19.2 130.4 54.1 34.8 34.9 56.2 81.2 56.1 130.5 0 101.8-84.9 184.6-186.6 184.6zm101.2-138.2c-5.5-2.8-32.8-16.2-37.9-18-5.1-1.9-8.8-2.8-12.5 2.8-3.7 5.6-14.3 18-17.6 21.8-3.2 3.7-6.5 4.2-12 1.4-32.6-16.3-54-29.1-75.5-66-5.7-9.8 5.7-9.1 16.3-30.3 1.8-3.7.9-6.9-.5-9.7-1.4-2.8-12.5-30.1-17.1-41.2-4.5-10.8-9.1-9.3-12.5-9.5-3.2-.2-6.9-.2-10.6-.2-3.7 0-9.7 1.4-14.8 6.9-5.1 5.6-19.4 19-19.4 46.3 0 27.3 19.9 53.7 22.6 57.4 2.8 3.7 39.1 59.7 94.8 83.8 35.2 15.2 49 16.5 66.6 13.9 10.7-1.6 32.8-13.4 37.4-26.4 4.6-13 4.6-24.1 3.2-26.4-1.3-2.5-5-3.9-10.5-6.6z\"><\/path><\/svg><\/div><\/span><\/div>\n<\/div><\/div><\/div>\n\n\n\n<div class=\"wp-block-stackable-column stk-block-column stk-column stk-block stk-11a8507\" data-block-id=\"11a8507\"><style>.stk-11a8507-container{margin-top:0px !important;margin-right:0px !important;margin-bottom:0px !important;margin-left:0px !important;}@media screen and (min-width:690px){.stk-11a8507 {flex:var(--stk-flex-grow, 1) 1 calc(85% - var(--stk-column-gap, 0px) * 1 \/ 2 ) !important;}}<\/style><div class=\"stk-column-wrapper stk-block-column__content stk-container stk-11a8507-container stk--no-background stk--no-padding\"><div class=\"stk-block-content stk-inner-blocks stk-11a8507-inner-blocks\">\n<h6 class=\"wp-block-heading\">M\u00f3vil<\/h6>\n\n\n\n<p>676-145-392<\/p>\n<\/div><\/div><\/div>\n<\/div><\/div>\n\n\n\n<div class=\"wp-block-stackable-columns stk-block-columns stk-block stk-71ca896\" data-block-id=\"71ca896\"><style>.stk-71ca896 {margin-bottom:35px !important;}.stk-71ca896-column{--stk-column-gap:35px !important;}@media screen and (max-width:689px){.stk-71ca896-column{--stk-column-gap:0px !important;row-gap:35px !important;}}<\/style><div class=\"stk-row stk-inner-blocks stk-block-content stk-content-align stk-71ca896-column\">\n<div class=\"wp-block-stackable-column stk-block-column stk-column stk-block stk-3e5aa5f\" data-block-id=\"3e5aa5f\"><style>.stk-3e5aa5f-container{margin-top:0px !important;margin-right:0px !important;margin-bottom:0px !important;margin-left:0px !important;}@media screen and (min-width:690px){.stk-3e5aa5f {flex:var(--stk-flex-grow, 1) 1 calc(15% - var(--stk-column-gap, 0px) * 1 \/ 2 ) !important;}}<\/style><div class=\"stk-column-wrapper stk-block-column__content stk-container stk-3e5aa5f-container stk--no-background stk--no-padding\"><div class=\"stk-block-content stk-inner-blocks stk-3e5aa5f-inner-blocks\">\n<div class=\"wp-block-stackable-icon stk-block-icon stk-block stk-4f66621\" data-block-id=\"4f66621\"><style>.stk-4f66621 .stk--svg-wrapper .stk--inner-svg svg:last-child{height:40px !important;width:40px !important;}.stk-4f66621 .stk--svg-wrapper .stk--inner-svg svg:last-child, .stk-4f66621 .stk--svg-wrapper .stk--inner-svg svg:last-child :is(g, path, rect, polygon, ellipse){fill:var(--theme-palette-color-1, #a8977b) !important;}<\/style><span class=\"stk--svg-wrapper\"><div class=\"stk--inner-svg\"><svg style=\"height:0;width:0\"><defs><lineargradient id=\"linear-gradient-4f66621\" x1=\"0\" x2=\"100%\" y1=\"0\" y2=\"0\"><stop offset=\"0%\" style=\"stop-opacity:1;stop-color:var(--linear-gradient-4-f-66621-color-1)\"><\/stop><stop offset=\"100%\" style=\"stop-opacity:1;stop-color:var(--linear-gradient-4-f-66621-color-2)\"><\/stop><\/lineargradient><\/defs><\/svg><svg class=\"ugb-custom-icon\" xmlns=\"http:\/\/www.w3.org\/2000\/svg\" viewbox=\"0 0 40 40\" aria-hidden=\"true\" width=\"32\" height=\"32\">\n  <path d=\"M40 13.1V6.4c0-1-.8-1.8-1.8-1.8H1.8c-1 0-1.8.8-1.8 1.8v27.2c0 1 .8 1.8 1.8 1.8h36.5c1 0 1.8-.8 1.8-1.8V13.3c-.1-.1-.1-.2-.1-.2zm-3.5-5v4.1L20 22.6 3.5 12.2V8.1h33zm-33 23.8V16.3L19 26.2c.3.2.6.3.9.3.3 0 .6-.1.9-.3l15.6-9.9v15.5H3.5z\"><\/path>\n<\/svg><\/div><\/span><\/div>\n<\/div><\/div><\/div>\n\n\n\n<div class=\"wp-block-stackable-column stk-block-column stk-column stk-block stk-e0183ce\" data-block-id=\"e0183ce\"><style>.stk-e0183ce-container{margin-top:0px !important;margin-right:0px !important;margin-bottom:0px !important;margin-left:0px !important;}@media screen and (min-width:690px){.stk-e0183ce {flex:var(--stk-flex-grow, 1) 1 calc(85% - var(--stk-column-gap, 0px) * 1 \/ 2 ) !important;}}<\/style><div class=\"stk-column-wrapper stk-block-column__content stk-container stk-e0183ce-container stk--no-background stk--no-padding\"><div class=\"stk-block-content stk-inner-blocks stk-e0183ce-inner-blocks\">\n<div class=\"wp-block-stackable-heading stk-block-heading stk-block-heading--v2 stk-block stk-bfe9254\" id=\"correo-electronico\" data-block-id=\"bfe9254\"><style>.stk-bfe9254 {margin-bottom:10px !important;}<\/style><h6 class=\"stk-block-heading__text\">Correo Electr\u00f3nico<\/h6><\/div>\n\n\n\n<p>noeliaantolin@gmail.com<\/p>\n<\/div><\/div><\/div>\n<\/div><\/div>\n\n\n\n<div class=\"wp-block-stackable-columns stk-block-columns stk-block stk-f54aa14\" data-block-id=\"f54aa14\"><style>.stk-f54aa14 {margin-bottom:35px !important;}.stk-f54aa14-column{--stk-column-gap:35px !important;}@media screen and (max-width:689px){.stk-f54aa14-column{--stk-column-gap:0px !important;row-gap:35px !important;}}<\/style><div class=\"stk-row stk-inner-blocks stk-block-content stk-content-align stk-f54aa14-column\">\n<div class=\"wp-block-stackable-column stk-block-column stk-column stk-block stk-4c654e2\" data-block-id=\"4c654e2\"><style>.stk-4c654e2-container{margin-top:0px !important;margin-right:0px !important;margin-bottom:0px !important;margin-left:0px !important;}@media screen and (min-width:690px){.stk-4c654e2 {flex:var(--stk-flex-grow, 1) 1 calc(15% - var(--stk-column-gap, 0px) * 1 \/ 2 ) !important;}}<\/style><div class=\"stk-column-wrapper stk-block-column__content stk-container stk-4c654e2-container stk--no-background stk--no-padding\"><div class=\"stk-block-content stk-inner-blocks stk-4c654e2-inner-blocks\">\n<div class=\"wp-block-stackable-icon stk-block-icon stk-block stk-71ea651\" data-block-id=\"71ea651\"><style>.stk-71ea651 .stk--svg-wrapper .stk--inner-svg svg:last-child{height:40px !important;width:40px !important;}.stk-71ea651 .stk--svg-wrapper .stk--inner-svg svg:last-child, .stk-71ea651 .stk--svg-wrapper .stk--inner-svg svg:last-child :is(g, path, rect, polygon, ellipse){fill:var(--theme-palette-color-1, #a8977b) !important;}<\/style><span class=\"stk--svg-wrapper\"><div class=\"stk--inner-svg\"><svg style=\"height:0;width:0\"><defs><lineargradient id=\"linear-gradient-71ea651\" x1=\"0\" x2=\"100%\" y1=\"0\" y2=\"0\"><stop offset=\"0%\" style=\"stop-opacity:1;stop-color:var(--linear-gradient-71-ea-651-color-1)\"><\/stop><stop offset=\"100%\" style=\"stop-opacity:1;stop-color:var(--linear-gradient-71-ea-651-color-2)\"><\/stop><\/lineargradient><\/defs><\/svg><svg xmlns=\"http:\/\/www.w3.org\/2000\/svg\" viewbox=\"0 0 320 512\" aria-hidden=\"true\" width=\"32\" height=\"32\"><path d=\"M16 144a144 144 0 1 1 288 0A144 144 0 1 1 16 144zM160 80c8.8 0 16-7.2 16-16s-7.2-16-16-16c-53 0-96 43-96 96c0 8.8 7.2 16 16 16s16-7.2 16-16c0-35.3 28.7-64 64-64zM128 480V317.1c10.4 1.9 21.1 2.9 32 2.9s21.6-1 32-2.9V480c0 17.7-14.3 32-32 32s-32-14.3-32-32z\"><\/path><\/svg><\/div><\/span><\/div>\n<\/div><\/div><\/div>\n\n\n\n<div class=\"wp-block-stackable-column stk-block-column stk-column stk-block stk-859da84\" data-block-id=\"859da84\"><style>.stk-859da84-container{margin-top:0px !important;margin-right:0px !important;margin-bottom:0px !important;margin-left:0px !important;}@media screen and (min-width:690px){.stk-859da84 {flex:var(--stk-flex-grow, 1) 1 calc(85% - var(--stk-column-gap, 0px) * 1 \/ 2 ) !important;}}<\/style><div class=\"stk-column-wrapper stk-block-column__content stk-container stk-859da84-container stk--no-background stk--no-padding\"><div class=\"stk-block-content stk-inner-blocks stk-859da84-inner-blocks\">\n<div class=\"wp-block-stackable-heading stk-block-heading stk-block-heading--v2 stk-block stk-9003eb7\" id=\"direccion\" data-block-id=\"9003eb7\"><style>.stk-9003eb7 {margin-bottom:10px !important;}<\/style><h6 class=\"stk-block-heading__text\">Direcci\u00f3n\u200b<\/h6><\/div>\n\n\n\n<p>Gij\u00f3n, Asturias (Espa\u00f1a)<\/p>\n<\/div><\/div><\/div>\n<\/div><\/div>\n<\/div><\/div><\/div>\n\n\n\n<div class=\"wp-block-stackable-column stk-block-column stk-column stk-block stk-a77da3a stk-block-background\" data-block-id=\"a77da3a\"><style>.stk-a77da3a-container{margin-top:0px !important;margin-right:0px !important;margin-bottom:0px !important;margin-left:0px !important;padding-top:50px !important;padding-right:70px !important;padding-bottom:70px !important;padding-left:70px !important;}.stk-a77da3a {background-color:var(--theme-palette-color-8, #ffffff) !important;box-shadow:0px 10px 30px rgba(0, 0, 0, 0.05) !important;padding-top:0px !important;padding-right:0px !important;padding-bottom:0px !important;padding-left:0px !important;}.stk-a77da3a:before{background-color:var(--theme-palette-color-8, #ffffff) !important;}@media screen and (min-width:690px){.stk-a77da3a {flex:var(--stk-flex-grow, 1) 1 calc(60% - var(--stk-column-gap, 0px) * 1 \/ 2 ) !important;}}@media screen and (max-width:689px){.stk-a77da3a-container{padding-top:35px !important;padding-right:35px !important;padding-bottom:35px !important;padding-left:35px !important;}}<\/style><div class=\"stk-column-wrapper stk-block-column__content stk-container stk-a77da3a-container stk--no-background stk--no-padding\"><div class=\"stk-block-content stk-inner-blocks stk-a77da3a-inner-blocks\">\n<div class=\"wp-block-stackable-heading stk-block-heading stk-block-heading--v2 stk-block stk-98be702\" id=\"enviame-un-mensaje\" data-block-id=\"98be702\"><style>.stk-98be702 {margin-bottom:35px !important;}@media screen and (max-width:689px){.stk-98be702 .stk-block-heading__text{font-size:25px !important;}}<\/style><h3 class=\"stk-block-heading__text\">Env\u00edame un mensaje<\/h3><\/div>\n\n\n<div class=\"wpforms-container wpforms-block wpforms-block-acf48fc7-f3ec-4705-8a27-cb8fccb34025 wpforms-render-modern\" id=\"wpforms-246\"><form id=\"wpforms-form-246\" class=\"wpforms-validate wpforms-form\" data-formid=\"246\" method=\"post\" enctype=\"multipart\/form-data\" action=\"\/en\/wp-json\/wp\/v2\/pages\/630\" data-token=\"e5abb2d14fbb82186ff6393af7ef6658\" data-token-time=\"1778071778\" data-trp-original-action=\"\/en\/wp-json\/wp\/v2\/pages\/630\"><noscript class=\"wpforms-error-noscript\">Please enable JavaScript in your browser to complete this form.<\/noscript><div id=\"wpforms-error-noscript\" style=\"display: none;\">Please enable JavaScript in your browser to complete this form.<\/div><div class=\"wpforms-field-container\"><div id=\"wpforms-246-field_0-container\" class=\"wpforms-field wpforms-field-name\" data-field-id=\"0\"><fieldset><legend class=\"wpforms-field-label\">Nombre <span class=\"wpforms-required-label\" aria-hidden=\"true\">*<\/span><\/legend><div class=\"wpforms-field-row wpforms-field-large\"><div class=\"wpforms-field-row-block wpforms-first wpforms-one-half\"><input type=\"text\" id=\"wpforms-246-field_0\" class=\"wpforms-field-name-first wpforms-field-required\" name=\"wpforms[fields][0][first]\" placeholder=\"Tu nombre \" aria-errormessage=\"wpforms-246-field_0-error\" required><label for=\"wpforms-246-field_0\" class=\"wpforms-field-sublabel after wpforms-sublabel-hide\">First<\/label><\/div><div class=\"wpforms-field-row-block wpforms-one-half\"><input type=\"text\" id=\"wpforms-246-field_0-last\" class=\"wpforms-field-name-last wpforms-field-required\" name=\"wpforms[fields][0][last]\" placeholder=\"Tus apellidos \" aria-errormessage=\"wpforms-246-field_0-last-error\" required><label for=\"wpforms-246-field_0-last\" class=\"wpforms-field-sublabel after wpforms-sublabel-hide\">Last<\/label><\/div><\/div><\/fieldset><\/div><div id=\"wpforms-246-field_4-container\" class=\"wpforms-field wpforms-field-number\" data-field-id=\"4\"><label class=\"wpforms-field-label\" for=\"wpforms-246-field_4\">Tel\u00e9fono <span class=\"wpforms-required-label\" aria-hidden=\"true\">*<\/span><\/label><input type=\"number\" id=\"wpforms-246-field_4\" class=\"wpforms-field-medium wpforms-field-required\" name=\"wpforms[fields][4]\" placeholder=\"Tu tel\u00e9fono\" step=\"any\" aria-errormessage=\"wpforms-246-field_4-error\" required><\/div><div id=\"wpforms-246-field_1-container\" class=\"wpforms-field wpforms-field-email\" data-field-id=\"1\"><label class=\"wpforms-field-label\" for=\"wpforms-246-field_1\">Correo Electr\u00f3nico <span class=\"wpforms-required-label\" aria-hidden=\"true\">*<\/span><\/label><input type=\"email\" id=\"wpforms-246-field_1\" class=\"wpforms-field-large wpforms-field-required\" name=\"wpforms[fields][1]\" placeholder=\"Tu correo electr\u00f3nico \" spellcheck=\"false\" aria-errormessage=\"wpforms-246-field_1-error\" required><\/div><div id=\"wpforms-246-field_9-container\" class=\"wpforms-field wpforms-field-select wpforms-field-select-style-classic\" data-field-id=\"9\"><label class=\"wpforms-field-label\" for=\"wpforms-246-field_9\">Estoy interasado\/a en hacer un encargo <span class=\"wpforms-required-label\" aria-hidden=\"true\">*<\/span><\/label><select id=\"wpforms-246-field_9\" class=\"wpforms-field-medium wpforms-field-required\" name=\"wpforms[fields][9]\" required=\"required\"><option value=\"Si\"  selected='selected' class=\"choice-1 depth-1\"  >Si<\/option><option value=\"No\"  class=\"choice-2 depth-1\"  >No<\/option><\/select><\/div><div id=\"wpforms-246-field_3-container\" class=\"wpforms-field wpforms-field-text\" data-field-id=\"3\"><label class=\"wpforms-field-label\" for=\"wpforms-246-field_3\">Asunto<\/label><input type=\"text\" id=\"wpforms-246-field_3\" class=\"wpforms-field-large\" name=\"wpforms[fields][3]\" placeholder=\"Asunto \" aria-errormessage=\"wpforms-246-field_3-error\" ><\/div><div id=\"wpforms-246-field_2-container\" class=\"wpforms-field wpforms-field-textarea\" data-field-id=\"2\"><label class=\"wpforms-field-label\" for=\"wpforms-246-field_2\">Mensaje <span class=\"wpforms-required-label\" aria-hidden=\"true\">*<\/span><\/label><textarea id=\"wpforms-246-field_2\" class=\"wpforms-field-medium wpforms-field-required\" name=\"wpforms[fields][2]\" placeholder=\"Escribe tu mensaje \" aria-errormessage=\"wpforms-246-field_2-error\" required><\/textarea><\/div><\/div><!-- .wpforms-field-container --><div class=\"wpforms-submit-container\" ><input type=\"hidden\" name=\"wpforms[id]\" value=\"246\"><input type=\"hidden\" name=\"page_title\" value=\"\"><input type=\"hidden\" name=\"page_url\" value=\"https:\/\/noeliaantolin.com\/en\/wp-json\/wp\/v2\/pages\/630\"><input type=\"hidden\" name=\"url_referer\" value=\"\"><button type=\"submit\" name=\"wpforms[submit]\" id=\"wpforms-submit-246\" class=\"wpforms-submit\" data-alt-text=\"Enviando...\" data-submit-text=\"Enviar \" aria-live=\"assertive\" value=\"wpforms-submit\">Enviar <\/button><\/div><input type=\"hidden\" name=\"trp-form-language\" value=\"en\"\/><\/form><\/div>  <!-- .wpforms-container --><\/div><\/div><\/div>\n<\/div><\/div>\n\n\n\n<div class=\"wp-block-stackable-spacer stk-block-spacer stk--no-padding stk-block stk-173396b\" data-block-id=\"173396b\"><style>.stk-173396b {height:100px !important;}@media screen and (max-width:999px){.stk-173396b {height:80px !important;}}<\/style><\/div>","protected":false},"excerpt":{"rendered":"<p>No dude en contacto conmigo para resolver cualquier pregunta o inquietud, le responder\u00e9 lo m\u00e1s pronto posible. Aprecio su inter\u00e9s y espero tener noticias suyas. M\u00f3vil 676-145-392 Correo Electr\u00f3nico noeliaantolin@gmail.com Direcci\u00f3n\u200b Gij\u00f3n, Asturias (Espa\u00f1a) Env\u00edame un mensaje<\/p>","protected":false},"author":1,"featured_media":0,"parent":0,"menu_order":0,"comment_status":"closed","ping_status":"closed","template":"","meta":{"footnotes":""},"class_list":["post-630","page","type-page","status-publish","hentry"],"blocksy_meta":{"styles_descriptor":{"styles":{"desktop":"","tablet":"","mobile":""},"google_fonts":[],"version":6}},"aioseo_notices":[],"_links":{"self":[{"href":"https:\/\/noeliaantolin.com\/en\/wp-json\/wp\/v2\/pages\/630","targetHints":{"allow":["GET"]}}],"collection":[{"href":"https:\/\/noeliaantolin.com\/en\/wp-json\/wp\/v2\/pages"}],"about":[{"href":"https:\/\/noeliaantolin.com\/en\/wp-json\/wp\/v2\/types\/page"}],"author":[{"embeddable":true,"href":"https:\/\/noeliaantolin.com\/en\/wp-json\/wp\/v2\/users\/1"}],"replies":[{"embeddable":true,"href":"https:\/\/noeliaantolin.com\/en\/wp-json\/wp\/v2\/comments?post=630"}],"version-history":[{"count":6,"href":"https:\/\/noeliaantolin.com\/en\/wp-json\/wp\/v2\/pages\/630\/revisions"}],"predecessor-version":[{"id":954,"href":"https:\/\/noeliaantolin.com\/en\/wp-json\/wp\/v2\/pages\/630\/revisions\/954"}],"wp:attachment":[{"href":"https:\/\/noeliaantolin.com\/en\/wp-json\/wp\/v2\/media?parent=630"}],"curies":[{"name":"wp","href":"https:\/\/api.w.org\/{rel}","templated":true}]}}