{"id":990,"date":"2025-09-26T19:22:25","date_gmt":"2025-09-26T19:22:25","guid":{"rendered":"https:\/\/noeliaantolin.com\/?page_id=990"},"modified":"2025-09-26T19:31:28","modified_gmt":"2025-09-26T19:31:28","slug":"curriculum-artistico","status":"publish","type":"page","link":"https:\/\/noeliaantolin.com\/en\/curriculum-artistico\/","title":{"rendered":"Curriculum Art\u00edstico"},"content":{"rendered":"<p><\/p>\n\n\n\n<div class=\"wp-block-stackable-columns alignfull stk-block-columns stk-block stk-1e6e067\" data-block-id=\"1e6e067\"><style>.stk-1e6e067 {margin-top:var(--stk--preset--spacing--70, 3.38rem) !important;margin-bottom:var(--stk--preset--spacing--70, 3.38rem) !important;}<\/style><div class=\"stk-row stk-inner-blocks stk-block-content stk-content-align stk-1e6e067-column alignwide\">\n<div class=\"wp-block-stackable-column stk-block-column stk-column stk-block stk-1acafc4\" data-v=\"4\" data-block-id=\"1acafc4\"><div class=\"stk-column-wrapper stk-block-column__content stk-container stk-1acafc4-container stk--no-background stk--no-padding\"><div class=\"stk-block-content stk-inner-blocks stk-1acafc4-inner-blocks\">\n<div class=\"wp-block-stackable-columns stk-block-columns stk-block stk-dff659a\" data-block-id=\"dff659a\"><style>.stk-dff659a-column{flex-wrap:wrap !important;--stk-flex-grow:0 !important;}<\/style><div class=\"stk-row stk-inner-blocks stk-block-content stk-content-align stk-dff659a-column\">\n<div class=\"wp-block-stackable-column stk-block-column stk-column stk-block stk-6d11932\" data-v=\"4\" data-block-id=\"6d11932\"><div class=\"stk-column-wrapper stk-block-column__content stk-container stk-6d11932-container stk-hover-parent\"><div class=\"stk-block-content stk-inner-blocks stk-6d11932-inner-blocks\">\n<h4 class=\"wp-block-heading\">Exposiciones Individuales<\/h4>\n\n\n\n<ul class=\"wp-block-list\">\n<li>Exposici\u00f3n en el Restaurante \u00abLa venta de la Tuerta\u00bb (Le\u00f3n, 2020)<\/li>\n\n\n\n<li>Exposici\u00f3n en Snap Caf\u00e9-Bar (Gij\u00f3n, 2018)<\/li>\n\n\n\n<li>Exposici\u00f3n en el evento \u00abGij\u00f3n Summer Summit\u00bb. Palacio de Revillagigedo (Gij\u00f3n, 2016)<\/li>\n\n\n\n<li>Sala de Arte de la fundaci\u00f3n Alvargonz\u00e1lez (Gij\u00f3n, 2005)<\/li>\n\n\n\n<li>Sala de Arte del Instituto Egipcio de Estudios Isl\u00e1micos (Madrid, 2005)<\/li>\n\n\n\n<li>Exposici\u00f3n en la Capilla San Lorenzo, Esc N\u00ba 2 (Gij\u00f3n, 2001)<\/li>\n<\/ul>\n<\/div><\/div><\/div>\n\n\n\n<div class=\"wp-block-stackable-column stk-block-column stk-column stk-block stk-c0736fa\" data-v=\"4\" data-block-id=\"c0736fa\"><div class=\"stk-column-wrapper stk-block-column__content stk-container stk-c0736fa-container stk-hover-parent\"><div class=\"stk-block-content stk-inner-blocks stk-c0736fa-inner-blocks\">\n<h4 class=\"wp-block-heading\">Exposiciones Colectivas<\/h4>\n\n\n\n<ul class=\"wp-block-list\">\n<li>Exposici\u00f3n colectiva, proyecto expositivo seleccionado del VI premio LaSalita (Gij\u00f3n, 2017)<\/li>\n\n\n\n<li>Sala de Exposiciones Centro Municipal de El Coto (Gij\u00f3n, 2011)<\/li>\n\n\n\n<li>Sala de Exposiciones Miguel de Unamuno, Muestra de C\u00f3mic de la Junta de Castilla y Le\u00f3n (Salamanca, 2001)<\/li>\n\n\n\n<li>Sal\u00f3n Internacional del C\u00f3mic de Barcelona. Stand de \u00abMurcia Joven 2000\u00bb. (Barcelona, 2001)<\/li>\n\n\n\n<li>Sala de Exposiciones Miguel de Unamuno, Muestra de Artes Pl\u00e1sticas de la Junta de Castilla y Le\u00f3n (Salamanca, 2000)<\/li>\n\n\n\n<li>Sala de Exposiciones Miguel de Unamuno, Muestra de Ilustraci\u00f3n de la Junta de Castilla y Le\u00f3n (Salamanca, 1998)<\/li>\n<\/ul>\n<\/div><\/div><\/div>\n<\/div><\/div>\n\n\n\n<div class=\"wp-block-stackable-columns stk-block-columns stk-block stk-9e18a9d\" data-block-id=\"9e18a9d\"><style>.stk-9e18a9d-column{flex-wrap:wrap !important;--stk-flex-grow:0 !important;}<\/style><div class=\"stk-row stk-inner-blocks stk-block-content stk-content-align stk-9e18a9d-column\">\n<div class=\"wp-block-stackable-column stk-block-column stk-column stk-block stk-f9d4f84\" data-v=\"4\" data-block-id=\"f9d4f84\"><div class=\"stk-column-wrapper stk-block-column__content stk-container stk-f9d4f84-container stk-hover-parent\"><div class=\"stk-block-content stk-inner-blocks stk-f9d4f84-inner-blocks\">\n<h4 class=\"wp-block-heading\">Concursos y Premios<\/h4>\n\n\n\n<div class=\"wp-block-stackable-text stk-block-text stk-block stk-166f8f9\" data-block-id=\"166f8f9\"><p class=\"stk-block-text__text\"><\/p><\/div>\n\n\n\n<ul class=\"wp-block-list\">\n<li>Tercer Premio, en el \u00abI Concurso de Pintura R\u00e1pida del Mercado Artesano\u00bb, Museo del Pueblo de Asturias (Gij\u00f3n, 2019)<\/li>\n\n\n\n<li>Acc\u00e9sit en el \u00abIV Certamen de Pintura R\u00e1pida al Aire Libre, del Jard\u00edn Bot\u00e1nico Atl\u00e1ntico\u00bb (Gij\u00f3n, 2016)<\/li>\n\n\n\n<li>Primer Premio en el Concurso de C\u00f3mic, Cajastur. (Asturias, 2005)<\/li>\n\n\n\n<li>Seleccionada en el \u00abII Certamen de Pintura R\u00e1pida, Rincones de Gij\u00f3n\u00bb, organizada por la Sala de arte Pablos\u00b4s. (Gij\u00f3n, 2004)<\/li>\n\n\n\n<li>Seleccionada en el \u00abConcurso de Pintura al Aire Libre, Ciudad Rodrigo\u00bb (Salamanca, 2003)<\/li>\n\n\n\n<li>Primer Premio, Certamen de Acuarela, Asociaci\u00f3n \u00abAbierto hasta el amanecer\u00bb (Gij\u00f3n, 2003)<\/li>\n\n\n\n<li>Primer Premio Concejal\u00eda de Juventud. VI Concurso de C\u00f3mic para Autores Noveles (Alicante, 2001)<\/li>\n\n\n\n<li>Tercer Premio en el \u00abIII Certamen Nacional Fernando Qui\u00f1ones\u00bb (C\u00e1diz, 2001)<\/li>\n\n\n\n<li>Primer Premio en el \u00abVII Concurso de C\u00f3mic Ciudad de Dos Hermanas\u00bb (Sevilla, 2001)Menci\u00f3n de honor. Certamen Aut\u00f3nomo de C\u00f3mic de la Junta de Castilla-Le\u00f3n (2001)<\/li>\n\n\n\n<li>Primer Premio. Certamen Aut\u00f3nomo de C\u00f3mic de la Junta de Castilla-Le\u00f3n (2000)<\/li>\n\n\n\n<li>Acc\u00e9sit. Concurso de C\u00f3mic Murcia Joven (Murcia, 2000)<\/li>\n\n\n\n<li>Seleccionada en el Certamen Auton\u00f3mico de Artes Pl\u00e1sticas de la Junta de Castilla y Le\u00f3n (1999)<\/li>\n\n\n\n<li>Primer Premio. Dise\u00f1o de Logotipo de la Asociaci\u00f3n de Vecinos Ciudad Jard\u00edn (Salamanca, 1999)<\/li>\n\n\n\n<li>Seleccionada en el Certamen de Pintura de Peque\u00f1o Formato, Arte M\u00ednimo de Le\u00f3n (1998)<\/li>\n\n\n\n<li>Seleccionada. Certamen Auton\u00f3mico de Ilustraci\u00f3n de la Junta de Castilla y Le\u00f3n (1997)<\/li>\n<\/ul>\n<\/div><\/div><\/div>\n\n\n\n<div class=\"wp-block-stackable-column stk-block-column stk-column stk-block stk-1415b50\" data-v=\"4\" data-block-id=\"1415b50\"><div class=\"stk-column-wrapper stk-block-column__content stk-container stk-1415b50-container stk-hover-parent\"><div class=\"stk-block-content stk-inner-blocks stk-1415b50-inner-blocks\">\n<h4 class=\"wp-block-heading\">Ilustraciones Publicadas<\/h4>\n\n\n\n<div class=\"wp-block-stackable-text stk-block-text stk-block stk-da044ce\" data-block-id=\"da044ce\"><p class=\"stk-block-text__text\"><\/p><\/div>\n\n\n\n<ul class=\"wp-block-list\">\n<li>En el a\u00f1o 2012, hice la portada para el libro \u201cJuzgue usted\u00bb, (An\u00e9cdotas Judiciales en Espa\u00f1a), de Beatriz Rato Arrionda.<\/li>\n\n\n\n<li>Cartel \u00abGij\u00f3n Summer Summit\u00bb.Dise\u00f1o del cartel y cuadro al \u00f3leo de muelle de Gij\u00f3n y el Palacio de Revillagigedo (2016).<\/li>\n\n\n\n<li>En el a\u00f1o 1997, la Junta de Castilla y Le\u00f3n convoc\u00f3 un concurso para ilustrar unos relatos, me seleccionaron las dos que veis en la imagen, posteriormente hubo una exposici\u00f3n itinerante por Castilla y Le\u00f3n.<\/li>\n<\/ul>\n<\/div><\/div><\/div>\n<\/div><\/div>\n<\/div><\/div><\/div>\n<\/div><\/div>","protected":false},"excerpt":{"rendered":"<p>Exposiciones Individuales Exposiciones Colectivas Concursos y Premios Ilustraciones Publicadas<\/p>","protected":false},"author":1,"featured_media":0,"parent":0,"menu_order":0,"comment_status":"closed","ping_status":"closed","template":"","meta":{"footnotes":""},"class_list":["post-990","page","type-page","status-publish","hentry"],"blocksy_meta":[],"aioseo_notices":[],"_links":{"self":[{"href":"https:\/\/noeliaantolin.com\/en\/wp-json\/wp\/v2\/pages\/990","targetHints":{"allow":["GET"]}}],"collection":[{"href":"https:\/\/noeliaantolin.com\/en\/wp-json\/wp\/v2\/pages"}],"about":[{"href":"https:\/\/noeliaantolin.com\/en\/wp-json\/wp\/v2\/types\/page"}],"author":[{"embeddable":true,"href":"https:\/\/noeliaantolin.com\/en\/wp-json\/wp\/v2\/users\/1"}],"replies":[{"embeddable":true,"href":"https:\/\/noeliaantolin.com\/en\/wp-json\/wp\/v2\/comments?post=990"}],"version-history":[{"count":5,"href":"https:\/\/noeliaantolin.com\/en\/wp-json\/wp\/v2\/pages\/990\/revisions"}],"predecessor-version":[{"id":1284,"href":"https:\/\/noeliaantolin.com\/en\/wp-json\/wp\/v2\/pages\/990\/revisions\/1284"}],"wp:attachment":[{"href":"https:\/\/noeliaantolin.com\/en\/wp-json\/wp\/v2\/media?parent=990"}],"curies":[{"name":"wp","href":"https:\/\/api.w.org\/{rel}","templated":true}]}}