{"id":1354,"date":"2025-09-29T02:10:09","date_gmt":"2025-09-29T02:10:09","guid":{"rendered":"https:\/\/noeliaantolin.com\/?post_type=product&#038;p=1354"},"modified":"2025-09-29T18:10:29","modified_gmt":"2025-09-29T18:10:29","slug":"copia-de-cuadro-famoso-oleo-por-encargo","status":"publish","type":"product","link":"https:\/\/noeliaantolin.com\/en\/product\/copia-de-cuadro-famoso-oleo-por-encargo\/","title":{"rendered":"Copia de Cuadro Famoso &#8211; \u00d3leo por Encargo"},"content":{"rendered":"<p>Pintado con meticulosa atenci\u00f3n al detalle, esta obra se convierte en una pieza de arte que realza cualquier espacio de tu hogar.<\/p>\n<p>Detalles:Tama\u00f1o: Selecciona el tama\u00f1o para ver el precio. Si el tama\u00f1o que necesitas no est\u00e1 disponible, por favor cont\u00e1ctame.<br \/>\nMaterial: Pintura al \u00f3leo de alta calidad sobre lienzo.<br \/>\nTiempo de realizaci\u00f3n: Aproximadamente 14 d\u00edas, dependiendo del tama\u00f1o y el nivel de detalle.<br \/>\nEnv\u00edo: GRATUITO, todas las pinturas son enviadas de manera segura y barnizadas.Para saber c\u00f3mo realizar un pedido personalizado, por favor consulta la p\u00e1gina de Preguntas Frecuentes; all\u00ed encontrar\u00e1s informaci\u00f3n detallada sobre c\u00f3mo proceder.<\/p>","protected":false},"excerpt":{"rendered":"<p>Pintado con meticulosa atenci\u00f3n al detalle, esta obra se convierte en una pieza de arte que realza cualquier espacio de tu hogar. Detalles:Tama\u00f1o: Selecciona el tama\u00f1o para ver el precio. Si el tama\u00f1o que necesitas no est\u00e1 disponible, por favor cont\u00e1ctame. Material: Pintura al \u00f3leo de alta calidad sobre lienzo. Tiempo de realizaci\u00f3n: Aproximadamente 14 [&hellip;]<\/p>","protected":false},"featured_media":1379,"comment_status":"open","ping_status":"closed","template":"","meta":[],"product_brand":[],"product_cat":[30],"product_tag":[],"class_list":{"0":"post-1354","1":"product","2":"type-product","3":"status-publish","4":"has-post-thumbnail","6":"product_cat-encargos","8":"first","9":"instock","10":"taxable","11":"shipping-taxable","12":"purchasable","13":"product-type-variable"},"aioseo_notices":[],"_links":{"self":[{"href":"https:\/\/noeliaantolin.com\/en\/wp-json\/wp\/v2\/product\/1354","targetHints":{"allow":["GET"]}}],"collection":[{"href":"https:\/\/noeliaantolin.com\/en\/wp-json\/wp\/v2\/product"}],"about":[{"href":"https:\/\/noeliaantolin.com\/en\/wp-json\/wp\/v2\/types\/product"}],"replies":[{"embeddable":true,"href":"https:\/\/noeliaantolin.com\/en\/wp-json\/wp\/v2\/comments?post=1354"}],"wp:featuredmedia":[{"embeddable":true,"href":"https:\/\/noeliaantolin.com\/en\/wp-json\/wp\/v2\/media\/1379"}],"wp:attachment":[{"href":"https:\/\/noeliaantolin.com\/en\/wp-json\/wp\/v2\/media?parent=1354"}],"wp:term":[{"taxonomy":"product_brand","embeddable":true,"href":"https:\/\/noeliaantolin.com\/en\/wp-json\/wp\/v2\/product_brand?post=1354"},{"taxonomy":"product_cat","embeddable":true,"href":"https:\/\/noeliaantolin.com\/en\/wp-json\/wp\/v2\/product_cat?post=1354"},{"taxonomy":"product_tag","embeddable":true,"href":"https:\/\/noeliaantolin.com\/en\/wp-json\/wp\/v2\/product_tag?post=1354"}],"curies":[{"name":"wp","href":"https:\/\/api.w.org\/{rel}","templated":true}]}}